{"id":14,"date":"2026-01-26T13:53:21","date_gmt":"2026-01-26T12:53:21","guid":{"rendered":"https:\/\/dev2.yinyangstudios.opalstacked.com\/?page_id=14"},"modified":"2026-01-26T13:53:21","modified_gmt":"2026-01-26T12:53:21","slug":"politica-de-reembolso-y-devolucion","status":"publish","type":"page","link":"https:\/\/nerjacoffeeroasters.com\/es\/politica-de-reembolso-y-devolucion\/","title":{"rendered":"Pol\u00edtica de reembolso y devoluci\u00f3n"},"content":{"rendered":"\n<h2>Pol\u00edtica de Reembolso<\/h2>\n<p>Nuestra pol\u00edtica es v\u00e1lida por un per\u00edodo de <strong>30 d\u00edas naturales<\/strong> desde la fecha de compra. Si deseas devolver el producto para obtener un reembolso dentro de este per\u00edodo, puedes hacerlo siempre que se cumplan las condiciones que se detallan a continuaci\u00f3n. Ten en cuenta que, si han pasado los 30 d\u00edas, lamentablemente no podremos ofrecerte un reembolso.<\/p>\n\n<h3>Requisitos para el reembolso<\/h3>\n<p>Los siguientes criterios deben cumplirse para calificar para un reembolso:<\/p>\n<ul>\n  <li>El producto debe estar sin abrir<\/li>\n  <li>El producto debe estar en su embalaje original<\/li>\n  <li>El producto no debe haber sido usado<\/li>\n  <li>El producto no debe estar da\u00f1ado<\/li>\n<\/ul>\n<p>Para asegurarnos de que se cumplan estos criterios, todas las devoluciones ser\u00e1n inspeccionadas. Si el producto no cumple con los criterios indicados, nos reservamos el derecho de no emitir un reembolso. Los productos perecederos est\u00e1n completamente excluidos de devoluci\u00f3n.<\/p>\n\n<h3>Comprobante de compra<\/h3>\n<p>Para completar tu reembolso, requerimos un recibo, orden de compra u otra prueba de compra. Ten en cuenta que, sin la prueba mencionada, no se emitir\u00e1 ning\u00fan reembolso.<\/p>\n\n<h3>Art\u00edculos en oferta o liquidaci\u00f3n<\/h3>\n<p>Solo los art\u00edculos a precio regular pueden ser devueltos; lamentablemente, los art\u00edculos en oferta o de liquidaci\u00f3n no pueden ser devueltos.<\/p>\n\n<h3>Env\u00edo de art\u00edculos<\/h3>\n<p>Para devolver un pedido, primero debes contactarnos.<\/p>\n<p>Las devoluciones deben enviarse a:<\/p>\n<address>\n  Apartado de Correos N\u00famero 18<br>\n  Nerja, M\u00e1laga, 29780\n<\/address>\n<p>Ser\u00e1s responsable de asumir los gastos de env\u00edo relacionados con los art\u00edculos que desees devolver. No reembolsamos los costes de env\u00edo.<\/p>\n<p>Debes asegurarte de que los productos est\u00e9n correctamente embalados para evitar da\u00f1os durante el transporte. Si el producto se encuentra da\u00f1ado o usado m\u00e1s all\u00e1 de lo necesario para su inspecci\u00f3n razonable, podemos rechazar el reembolso.<\/p>\n\n<h3>Contacto<\/h3>\n<p>Si tienes alguna pregunta, inquietud o reclamaci\u00f3n relacionada con esta pol\u00edtica de reembolso, te animamos a que nos contactes a trav\u00e9s del siguiente correo electr\u00f3nico:<\/p>\n<p><a href=\"&#x6d;&#97;i&#x6c;&#116;o&#x3a;&#110;e&#x72;&#106;a&#x63;&#111;f&#x66;&#x65;e&#x72;&#x6f;&#97;&#x73;&#x74;&#101;&#x72;&#x73;&#64;g&#x6d;&#97;i&#x6c;&#46;c&#x6f;&#109;\">nerjacoffe\n\n\n\n<p><\/p>\n","protected":false},"excerpt":{"rendered":"<p>Pol\u00edtica de Reembolso Nuestra pol\u00edtica es v\u00e1lida por un per\u00edodo de 30 d\u00edas naturales desde la fecha de compra. Si deseas devolver el producto para obtener un reembolso dentro de este per\u00edodo, puedes hacerlo siempre que se cumplan las condiciones que se detallan a continuaci\u00f3n. Ten en cuenta que, si han&hellip;<\/p>\n","protected":false},"author":1,"featured_media":0,"parent":0,"menu_order":0,"comment_status":"closed","ping_status":"closed","template":"","meta":{"footnotes":""},"class_list":["post-14","page","type-page","status-publish","hentry"],"_links":{"self":[{"href":"https:\/\/nerjacoffeeroasters.com\/es\/wp-json\/wp\/v2\/pages\/14","targetHints":{"allow":["GET"]}}],"collection":[{"href":"https:\/\/nerjacoffeeroasters.com\/es\/wp-json\/wp\/v2\/pages"}],"about":[{"href":"https:\/\/nerjacoffeeroasters.com\/es\/wp-json\/wp\/v2\/types\/page"}],"author":[{"embeddable":true,"href":"https:\/\/nerjacoffeeroasters.com\/es\/wp-json\/wp\/v2\/users\/1"}],"replies":[{"embeddable":true,"href":"https:\/\/nerjacoffeeroasters.com\/es\/wp-json\/wp\/v2\/comments?post=14"}],"version-history":[{"count":4,"href":"https:\/\/nerjacoffeeroasters.com\/es\/wp-json\/wp\/v2\/pages\/14\/revisions"}],"predecessor-version":[{"id":2896,"href":"https:\/\/nerjacoffeeroasters.com\/es\/wp-json\/wp\/v2\/pages\/14\/revisions\/2896"}],"wp:attachment":[{"href":"https:\/\/nerjacoffeeroasters.com\/es\/wp-json\/wp\/v2\/media?parent=14"}],"curies":[{"name":"wp","href":"https:\/\/api.w.org\/{rel}","templated":true}]}}