{"id":2229,"date":"2025-03-25T18:47:57","date_gmt":"2025-03-25T17:47:57","guid":{"rendered":"https:\/\/nerjacoffeeroasters.com\/?page_id=2229"},"modified":"2025-05-22T07:38:12","modified_gmt":"2025-05-22T05:38:12","slug":"diarios-de-nerja-coffee","status":"publish","type":"page","link":"https:\/\/nerjacoffeeroasters.com\/es\/diarios-de-nerja-coffee\/","title":{"rendered":"Diarios de Nerja Coffee"},"content":{"rendered":"\t\t<div data-elementor-type=\"wp-page\" data-elementor-id=\"2229\" class=\"elementor elementor-2229\" data-elementor-post-type=\"page\">\n\t\t\t\t<div class=\"elementor-element elementor-element-a1bb780 e-flex e-con-boxed lakit-col-width-auto-no e-container e-root-container elementor-top-section e-con e-parent\" data-id=\"a1bb780\" data-element_type=\"container\" data-settings=\"{&quot;background_background&quot;:&quot;classic&quot;}\">\n\t\t\t\t\t<div class=\"e-con-inner\">\n\t\t\t\t\t<\/div>\n\t\t\t\t<\/div>\n\t\t<div class=\"elementor-element elementor-element-f17591d e-flex e-con-boxed lakit-col-width-auto-no e-container e-root-container elementor-top-section e-con e-parent\" data-id=\"f17591d\" data-element_type=\"container\">\n\t\t\t\t\t<div class=\"e-con-inner\">\n\t\t\t\t<div class=\"elementor-element elementor-element-eaca721 elementor-widget elementor-widget-heading\" data-id=\"eaca721\" data-element_type=\"widget\" data-widget_type=\"heading.default\">\n\t\t\t\t<div class=\"elementor-widget-container\">\n\t\t\t\t\t<h2 class=\"elementor-heading-title elementor-size-default\">Noticias del Nerja Coffee<\/h2>\t\t\t\t<\/div>\n\t\t\t\t<\/div>\n\t\t\t\t<div class=\"elementor-element elementor-element-6b26402 posts elementor-widget lastudio-kit elementor-lakit-gposts elementor-lakit-posts\" data-id=\"6b26402\" data-element_type=\"widget\" data-widget_type=\"lakit-posts.default\">\n\t\t\t\t\t\n<div id=\"lapost_6b26402\" class=\"lakit-posts layout-type-grid preset-grid-2 querycpt--post lakit-posts--grid lakit-masonry-wrapper\" data-item_selector=\".lakit-posts__item\"  data-lakitmasonry_itemselector=\".lakit-posts__item\" data-lakitmasonry_wrap=\".lakit-posts__list\">        <div class=\"lakit-posts__list_wrapper\">\n            <div class=\"lakit-posts__list col-row\">\n            <div class=\"lakit-posts__item cpt-post post-item-3463 col-desk-2 col-lap-2 col-tab-2 col-tabp-2 term-26\">\n    <div class=\"lakit-posts__outer-box\">\n        <div class=\"lakit-posts__inner-box\"><div class=\"lakit-posts__inner-content\"><div class=\"lakit-posts__inner-content-inner\"><h4 class=\"lakit-posts__title\"><a href=\"https:\/\/nerjacoffeeroasters.com\/es\/la-comunidad-del-cafe-de-especialidad\/\" title=\"La comunidad del caf\u00e9 de especialidad\" rel=\"bookmark\">La comunidad del caf\u00e9 de especialidad<\/a><\/h4><div class=\"lakit-posts__excerpt entry-excerpt\">La escena de caf\u00e9 de especialidad La escena del caf\u00e9 de especialidad ha crecido mucho en los \u00faltimos a\u00f1os y&hellip;<\/div><\/div><\/div><\/div>\n    <\/div>\n<\/div><div class=\"lakit-posts__item has-post-thumbnail cpt-post post-item-1859 col-desk-2 col-lap-2 col-tab-2 col-tabp-2 term-65\">\n    <div class=\"lakit-posts__outer-box\">\n        <div class=\"lakit-posts__inner-box\">            <div class=\"post-thumbnail lakit-posts__thumbnail\">\n                                    <a href=\"https:\/\/nerjacoffeeroasters.com\/es\/donde-comprar-cafe-recien-tostado-en-nerja\/\" class=\"lakit-posts__thumbnail-link\" aria-label=\"Read more about &quot;D\u00f3nde comprar caf\u00e9 reci\u00e9n tostado en Nerja&quot;\"><img fetchpriority=\"high\" decoding=\"async\" width=\"1596\" height=\"1080\" src=\"https:\/\/nerjacoffeeroasters.com\/wp-content\/uploads\/2025\/03\/high-angle-view-woman-holding-bread-Grande.jpg\" class=\"lakit-posts__thumbnail-img wp-post-image la-lazyload-image wp-post-image\" alt=\"\" srcset=\"https:\/\/nerjacoffeeroasters.com\/wp-content\/uploads\/2025\/03\/high-angle-view-woman-holding-bread-Grande.jpg 1596w, https:\/\/nerjacoffeeroasters.com\/wp-content\/uploads\/2025\/03\/high-angle-view-woman-holding-bread-Grande-300x203.jpg 300w, https:\/\/nerjacoffeeroasters.com\/wp-content\/uploads\/2025\/03\/high-angle-view-woman-holding-bread-Grande-1024x693.jpg 1024w, https:\/\/nerjacoffeeroasters.com\/wp-content\/uploads\/2025\/03\/high-angle-view-woman-holding-bread-Grande-768x520.jpg 768w, https:\/\/nerjacoffeeroasters.com\/wp-content\/uploads\/2025\/03\/high-angle-view-woman-holding-bread-Grande-1536x1039.jpg 1536w, https:\/\/nerjacoffeeroasters.com\/wp-content\/uploads\/2025\/03\/high-angle-view-woman-holding-bread-Grande-18x12.jpg 18w\" sizes=\"(max-width: 1596px) 100vw, 1596px\" \/><\/a>\n                                                    \n                            <\/div>\n        <div class=\"lakit-posts__inner-content\"><div class=\"lakit-posts__inner-content-inner\"><h4 class=\"lakit-posts__title\"><a href=\"https:\/\/nerjacoffeeroasters.com\/es\/donde-comprar-cafe-recien-tostado-en-nerja\/\" title=\"D\u00f3nde comprar caf\u00e9 reci\u00e9n tostado en Nerja\" rel=\"bookmark\">D\u00f3nde comprar caf\u00e9 reci\u00e9n tostado en Nerja<\/a><\/h4><div class=\"lakit-posts__excerpt entry-excerpt\">A menudo nos preguntan: &#8220;\u00bfTienes una cafeter\u00eda?&#8221; Es una gran pregunta y la respuesta es un poco complicada. Dirigir una&hellip;<\/div><\/div><\/div><\/div>\n    <\/div>\n<\/div><div class=\"lakit-posts__item has-post-thumbnail cpt-post post-item-1458 col-desk-2 col-lap-2 col-tab-2 col-tabp-2 term-65\">\n    <div class=\"lakit-posts__outer-box\">\n        <div class=\"lakit-posts__inner-box\">            <div class=\"post-thumbnail lakit-posts__thumbnail\">\n                                    <a href=\"https:\/\/nerjacoffeeroasters.com\/es\/por-que-elegir-productos-organicos\/\" class=\"lakit-posts__thumbnail-link\" aria-label=\"Read more about &quot;\u00bfPor qu\u00e9 elegir productos organicos?&quot;\"><img decoding=\"async\" width=\"1080\" height=\"1080\" src=\"https:\/\/nerjacoffeeroasters.com\/wp-content\/uploads\/2024\/10\/Costa-Rica-Tarrazu-coffee-fruit.png\" class=\"lakit-posts__thumbnail-img wp-post-image la-lazyload-image wp-post-image\" alt=\"Costa Rica Tarrazu coffee fruit\" srcset=\"https:\/\/nerjacoffeeroasters.com\/wp-content\/uploads\/2024\/10\/Costa-Rica-Tarrazu-coffee-fruit.png 1080w, https:\/\/nerjacoffeeroasters.com\/wp-content\/uploads\/2024\/10\/Costa-Rica-Tarrazu-coffee-fruit-300x300.png 300w, https:\/\/nerjacoffeeroasters.com\/wp-content\/uploads\/2024\/10\/Costa-Rica-Tarrazu-coffee-fruit-600x600.png 600w, https:\/\/nerjacoffeeroasters.com\/wp-content\/uploads\/2024\/10\/Costa-Rica-Tarrazu-coffee-fruit-1024x1024.png 1024w, https:\/\/nerjacoffeeroasters.com\/wp-content\/uploads\/2024\/10\/Costa-Rica-Tarrazu-coffee-fruit-150x150.png 150w, https:\/\/nerjacoffeeroasters.com\/wp-content\/uploads\/2024\/10\/Costa-Rica-Tarrazu-coffee-fruit-768x768.png 768w, https:\/\/nerjacoffeeroasters.com\/wp-content\/uploads\/2024\/10\/Costa-Rica-Tarrazu-coffee-fruit-12x12.png 12w\" sizes=\"(max-width: 1080px) 100vw, 1080px\" \/><\/a>\n                                                    \n                            <\/div>\n        <div class=\"lakit-posts__inner-content\"><div class=\"lakit-posts__inner-content-inner\"><h4 class=\"lakit-posts__title\"><a href=\"https:\/\/nerjacoffeeroasters.com\/es\/por-que-elegir-productos-organicos\/\" title=\"\u00bfPor qu\u00e9 elegir productos organicos?\" rel=\"bookmark\">\u00bfPor qu\u00e9 elegir productos organicos?<\/a><\/h4><div class=\"lakit-posts__excerpt entry-excerpt\">En Nerja Coffee Roasters somos un tostadero de caf\u00e9 ecol\u00f3gico certificado. Cuando empezamos nuestra empresa, no pudimos encontrar ning\u00fan caf\u00e9&hellip;<\/div><\/div><\/div><\/div>\n    <\/div>\n<\/div>            <\/div>\n        <\/div>\n    \n    <\/div>\t\t\t\t<\/div>\n\t\t\t\t\t<\/div>\n\t\t\t\t<\/div>\n\t\t\t\t<\/div>\n\t\t","protected":false},"excerpt":{"rendered":"<p>Noticias del Nerja Coffee D\u00f3nde comprar caf\u00e9 reci\u00e9n tostado en Nerja A menudo nos preguntan: &#8220;\u00bfTienes una cafeter\u00eda?&#8221; Es una gran pregunta y la respuesta es un poco complicada. Dirigir una&hellip; \u00bfPor qu\u00e9 elegir productos organicos? En Nerja Coffee Roasters somos un tostadero de caf\u00e9 ecol\u00f3gico certificado. Cuando empezamos nuestra empresa,&hellip;<\/p>\n","protected":false},"author":359,"featured_media":0,"parent":0,"menu_order":0,"comment_status":"closed","ping_status":"closed","template":"","meta":{"footnotes":""},"class_list":["post-2229","page","type-page","status-publish","hentry"],"_links":{"self":[{"href":"https:\/\/nerjacoffeeroasters.com\/es\/wp-json\/wp\/v2\/pages\/2229","targetHints":{"allow":["GET"]}}],"collection":[{"href":"https:\/\/nerjacoffeeroasters.com\/es\/wp-json\/wp\/v2\/pages"}],"about":[{"href":"https:\/\/nerjacoffeeroasters.com\/es\/wp-json\/wp\/v2\/types\/page"}],"author":[{"embeddable":true,"href":"https:\/\/nerjacoffeeroasters.com\/es\/wp-json\/wp\/v2\/users\/359"}],"replies":[{"embeddable":true,"href":"https:\/\/nerjacoffeeroasters.com\/es\/wp-json\/wp\/v2\/comments?post=2229"}],"version-history":[{"count":23,"href":"https:\/\/nerjacoffeeroasters.com\/es\/wp-json\/wp\/v2\/pages\/2229\/revisions"}],"predecessor-version":[{"id":3182,"href":"https:\/\/nerjacoffeeroasters.com\/es\/wp-json\/wp\/v2\/pages\/2229\/revisions\/3182"}],"wp:attachment":[{"href":"https:\/\/nerjacoffeeroasters.com\/es\/wp-json\/wp\/v2\/media?parent=2229"}],"curies":[{"name":"wp","href":"https:\/\/api.w.org\/{rel}","templated":true}]}}