{"id":88,"date":"2026-01-26T13:53:21","date_gmt":"2026-01-26T12:53:21","guid":{"rendered":"https:\/\/dev2.yinyangstudios.opalstacked.com\/?page_id=88"},"modified":"2026-01-26T13:53:21","modified_gmt":"2026-01-26T12:53:21","slug":"eventos","status":"publish","type":"page","link":"https:\/\/nerjacoffeeroasters.com\/es\/eventos\/","title":{"rendered":"Eventos y B2B"},"content":{"rendered":"\t\t<div data-elementor-type=\"wp-page\" data-elementor-id=\"88\" class=\"elementor elementor-88\" data-elementor-post-type=\"page\">\n\t\t\t\t<div class=\"elementor-element elementor-element-0dd03e6 e-flex e-con-boxed lakit-col-width-auto-no e-container e-root-container elementor-top-section e-con e-parent\" data-id=\"0dd03e6\" data-element_type=\"container\" data-settings=\"{&quot;background_background&quot;:&quot;classic&quot;}\">\n\t\t\t\t\t<div class=\"e-con-inner\">\n\t\t\t\t\t<\/div>\n\t\t\t\t<\/div>\n\t\t<div class=\"elementor-element elementor-element-c34c82b e-flex e-con-boxed lakit-col-width-auto-no e-container e-root-container elementor-top-section e-con e-parent\" data-id=\"c34c82b\" data-element_type=\"container\">\n\t\t\t\t\t<div class=\"e-con-inner\">\n\t\t<div class=\"elementor-element elementor-element-45a1b5f e-con-full e-flex lakit-col-width-auto-no e-container e-con e-child\" data-id=\"45a1b5f\" data-element_type=\"container\">\n\t\t\t\t<div class=\"elementor-element elementor-element-6baa707 elementor-widget elementor-widget-heading\" data-id=\"6baa707\" data-element_type=\"widget\" data-widget_type=\"heading.default\">\n\t\t\t\t<div class=\"elementor-widget-container\">\n\t\t\t\t\t<h2 class=\"elementor-heading-title elementor-size-default\">Venta al por mayor y eventos<\/h2>\t\t\t\t<\/div>\n\t\t\t\t<\/div>\n\t\t\t\t<div class=\"elementor-element elementor-element-67c196e elementor-widget elementor-widget-text-editor\" data-id=\"67c196e\" data-element_type=\"widget\" data-widget_type=\"text-editor.default\">\n\t\t\t\t<div class=\"elementor-widget-container\">\n\t\t\t\t\t\t\t\t\t<p>En Nerja Coffee Roasters creemos en la fuerza de las colaboraciones que aportan calidad, autenticidad y valor a\u00f1adido a los negocios. Ya sea que administres una cafeter\u00eda, restaurante u hotel, nuestro caf\u00e9 de especialidad, cuidadosamente seleccionado y artesanalmente tostado en peque\u00f1os lotes, puede convertirse en ese elemento diferenciador que necesitas para destacar en un mercado cada vez m\u00e1s competitivo y exigente. Actualmente, colaboramos con varios establecimientos destacados en la provincia de M\u00e1laga, quienes han confiado en la excepcional calidad, frescura y aroma de nuestro caf\u00e9 para ofrecer a sus clientes una experiencia \u00fanica, memorable y verdaderamente diferenciada.<\/p>\t\t\t\t\t\t\t\t<\/div>\n\t\t\t\t<\/div>\n\t\t\t\t<\/div>\n\t\t<div class=\"elementor-element elementor-element-00fe03b e-con-full e-flex lakit-col-width-auto-no e-container e-con e-child\" data-id=\"00fe03b\" data-element_type=\"container\" data-settings=\"{&quot;background_background&quot;:&quot;classic&quot;}\">\n\t\t\t\t<\/div>\n\t\t\t\t\t<\/div>\n\t\t\t\t<\/div>\n\t\t<div class=\"elementor-element elementor-element-61cdaf0 e-flex e-con-boxed lakit-col-width-auto-no e-container e-root-container elementor-top-section e-con e-parent\" data-id=\"61cdaf0\" data-element_type=\"container\">\n\t\t\t\t\t<div class=\"e-con-inner\">\n\t\t\t\t<div class=\"elementor-element elementor-element-f11d9c9 elementor-widget elementor-widget-text-editor\" data-id=\"f11d9c9\" data-element_type=\"widget\" data-widget_type=\"text-editor.default\">\n\t\t\t\t<div class=\"elementor-widget-container\">\n\t\t\t\t\t\t\t\t\t<p>Adem\u00e1s, Nerja Coffee Roasters proporciona soluciones innovadoras y creativas para empresas comprometidas con la sostenibilidad, el comercio justo y la responsabilidad social corporativa. A trav\u00e9s de nuestro exclusivo servicio de suscripci\u00f3n empresarial, tu organizaci\u00f3n puede recibir regularmente en sus instalaciones nuestro caf\u00e9 reci\u00e9n tostado, convirti\u00e9ndolo en un valioso incentivo, regalo corporativo o reconocimiento especial para tus empleados y colaboradores. Este sencillo gesto no solo fortalece la motivaci\u00f3n y el bienestar de tu equipo, sino que tambi\u00e9n demuestra de forma tangible tu aprecio por su esfuerzo, al mismo tiempo que refuerza tu compromiso activo con pr\u00e1cticas comerciales \u00e9ticas, sostenibles y responsables.<\/p><p>Asimismo, reconocemos la importancia de los eventos y celebraciones especiales, y estamos aqu\u00ed para ayudarte a crear momentos excepcionales y memorables para tus invitados. Ya sea una conferencia corporativa, un evento privado, una boda o una reuni\u00f3n social, nuestro caf\u00e9 de especialidad puede aportar un toque distintivo y elegante, asegurando que cada asistente disfrute del caf\u00e9 m\u00e1s fresco, delicioso y cuidadosamente elaborado.<\/p><p>Queremos escuchar tu idea y colaborar contigo para llevarla al siguiente nivel, aportando la calidad excepcional, la dedicaci\u00f3n artesanal y la pasi\u00f3n por el caf\u00e9 que caracterizan a Nerja Coffee Roasters. Ponte en contacto con nosotros, ser\u00e1 un placer acompa\u00f1arte en el desarrollo y \u00e9xito de tu proyecto.<\/p>\t\t\t\t\t\t\t\t<\/div>\n\t\t\t\t<\/div>\n\t\t\t\t\t<\/div>\n\t\t\t\t<\/div>\n\t\t<div class=\"elementor-element elementor-element-6312026 e-flex e-con-boxed lakit-col-width-auto-no e-container e-root-container elementor-top-section e-con e-parent\" data-id=\"6312026\" data-element_type=\"container\" data-settings=\"{&quot;background_background&quot;:&quot;classic&quot;}\">\n\t\t\t\t\t<div class=\"e-con-inner\">\n\t\t<div class=\"elementor-element elementor-element-4bbd4f8 e-con-full e-flex lakit-col-width-auto-no e-container e-con e-child\" data-id=\"4bbd4f8\" data-element_type=\"container\">\n\t\t\t\t<div class=\"elementor-element elementor-element-22d40e1 elementor-widget elementor-widget-heading\" data-id=\"22d40e1\" data-element_type=\"widget\" data-widget_type=\"heading.default\">\n\t\t\t\t<div class=\"elementor-widget-container\">\n\t\t\t\t\t<h2 class=\"elementor-heading-title elementor-size-default\">Cu\u00e9ntanos tu idea<\/h2>\t\t\t\t<\/div>\n\t\t\t\t<\/div>\n\t\t\t\t<div class=\"elementor-element elementor-element-34b612b elementor-button-align-stretch elementor-widget elementor-widget-form\" data-id=\"34b612b\" data-element_type=\"widget\" data-settings=\"{&quot;step_next_label&quot;:&quot;Next&quot;,&quot;step_previous_label&quot;:&quot;Previous&quot;,&quot;button_width&quot;:&quot;100&quot;,&quot;step_type&quot;:&quot;number_text&quot;,&quot;step_icon_shape&quot;:&quot;circle&quot;}\" data-widget_type=\"form.default\">\n\t\t\t\t<div class=\"elementor-widget-container\">\n\t\t\t\t\t\t\t<form class=\"elementor-form\" method=\"post\" name=\"New Form\" aria-label=\"New Form\">\n\t\t\t<input type=\"hidden\" name=\"post_id\" value=\"88\"\/>\n\t\t\t<input type=\"hidden\" name=\"form_id\" value=\"34b612b\"\/>\n\t\t\t<input type=\"hidden\" name=\"referer_title\" value=\"\" \/>\n\n\t\t\t\n\t\t\t<div class=\"elementor-form-fields-wrapper elementor-labels-\">\n\t\t\t\t\t\t\t\t<div class=\"elementor-field-type-text elementor-field-group elementor-column elementor-field-group-name elementor-col-100 elementor-field-required\">\n\t\t\t\t\t\t\t\t\t\t\t\t<label for=\"form-field-name\" class=\"elementor-field-label elementor-screen-only\">\n\t\t\t\t\t\t\t\tName\t\t\t\t\t\t\t<\/label>\n\t\t\t\t\t\t\t\t\t\t\t\t\t\t<input size=\"1\" type=\"text\" name=\"form_fields[name]\" id=\"form-field-name\" class=\"elementor-field elementor-size-sm  elementor-field-textual\" placeholder=\"Nombre Completo\" required=\"required\">\n\t\t\t\t\t\t\t\t\t\t\t<\/div>\n\t\t\t\t\t\t\t\t<div class=\"elementor-field-type-email elementor-field-group elementor-column elementor-field-group-email elementor-col-100 elementor-field-required\">\n\t\t\t\t\t\t\t\t\t\t\t\t<label for=\"form-field-email\" class=\"elementor-field-label elementor-screen-only\">\n\t\t\t\t\t\t\t\tEmail\t\t\t\t\t\t\t<\/label>\n\t\t\t\t\t\t\t\t\t\t\t\t\t\t<input size=\"1\" type=\"email\" name=\"form_fields[email]\" id=\"form-field-email\" class=\"elementor-field elementor-size-sm  elementor-field-textual\" placeholder=\"Correo Electr\u00f3nico\" required=\"required\">\n\t\t\t\t\t\t\t\t\t\t\t<\/div>\n\t\t\t\t\t\t\t\t<div class=\"elementor-field-type-textarea elementor-field-group elementor-column elementor-field-group-message elementor-col-100 elementor-field-required\">\n\t\t\t\t\t\t\t\t\t\t\t\t<label for=\"form-field-message\" class=\"elementor-field-label elementor-screen-only\">\n\t\t\t\t\t\t\t\tMessage\t\t\t\t\t\t\t<\/label>\n\t\t\t\t\t\t<textarea class=\"elementor-field-textual elementor-field  elementor-size-sm\" name=\"form_fields[message]\" id=\"form-field-message\" rows=\"4\" placeholder=\"Mensaje\" required=\"required\"><\/textarea>\t\t\t\t<\/div>\n\t\t\t\t\t\t\t\t<div class=\"elementor-field-type-acceptance elementor-field-group elementor-column elementor-field-group-field_9307d5d elementor-col-100 elementor-field-required\">\n\t\t\t\t\t\t\t<div class=\"elementor-field-subgroup\">\n\t\t\t<span class=\"elementor-field-option\">\n\t\t\t\t<input type=\"checkbox\" name=\"form_fields[field_9307d5d]\" id=\"form-field-field_9307d5d\" class=\"elementor-field elementor-size-sm  elementor-acceptance-field\" required=\"required\">\n\t\t\t\t<label for=\"form-field-field_9307d5d\">He le\u00eddo y acepto la <a style=\"color:#FFF\" href=\"\/politica-de-privacidad\" target=\"_blank\">Pol\u00edtica de Privacidad<\/a><\/label>\t\t\t<\/span>\n\t\t<\/div>\n\t\t\t\t\t\t<\/div>\n\t\t\t\t\t\t\t\t<div class=\"elementor-field-type-recaptcha_v3 elementor-field-group elementor-column elementor-field-group-field_5917c86 elementor-col-100 recaptcha_v3-inline\">\n\t\t\t\t\t<div class=\"elementor-field\" id=\"form-field-field_5917c86\"><div class=\"elementor-g-recaptcha\" data-sitekey=\"6LfiWpUrAAAAAHW9V9ak0C6D0aC9ziBz2Fg0fing\" data-type=\"v3\" data-action=\"Form\" data-badge=\"inline\" data-size=\"invisible\"><\/div><\/div>\t\t\t\t<\/div>\n\t\t\t\t\t\t\t\t<div class=\"elementor-field-group elementor-column elementor-field-type-submit elementor-col-100 e-form__buttons\">\n\t\t\t\t\t<button class=\"elementor-button elementor-size-sm\" type=\"submit\">\n\t\t\t\t\t\t<span class=\"elementor-button-content-wrapper\">\n\t\t\t\t\t\t\t\t\t\t\t\t\t\t\t\t\t\t\t\t\t\t<span class=\"elementor-button-text\">Enviar<\/span>\n\t\t\t\t\t\t\t\t\t\t\t\t\t<\/span>\n\t\t\t\t\t<\/button>\n\t\t\t\t<\/div>\n\t\t\t<\/div>\n\t\t<\/form>\n\t\t\t\t\t\t<\/div>\n\t\t\t\t<\/div>\n\t\t\t\t<div class=\"elementor-element elementor-element-8efac13 elementor-widget elementor-widget-text-editor\" data-id=\"8efac13\" data-element_type=\"widget\" data-widget_type=\"text-editor.default\">\n\t\t\t\t<div class=\"elementor-widget-container\">\n\t\t\t\t\t\t\t\t\t<p>Tambi\u00e9n puede enviarnos un correo electr\u00f3nico directamente:\u00a0 <a href=\"m&#97;&#105;&#x6c;&#x74;o:&#104;&#111;&#x6c;&#x61;&#64;n&#101;&#114;&#x6a;&#x61;co&#102;&#x66;&#x65;&#x65;r&#111;&#97;&#x73;&#x74;&#x65;r&#115;&#46;&#x63;&#x6f;&#x6d;\">h&#111;&#x6c;&#x61;&#64;&#110;&#101;&#x72;&#x6a;a&#99;&#x6f;&#x66;f&#101;&#101;&#x72;&#x6f;a&#115;&#x74;&#x65;r&#115;&#46;&#x63;&#x6f;m<\/a> \u2013 o llamarnos al:\u00a0 <a href=\"tel:+34604435906\">(+34) 604 435 906<\/a>\u00a0 \/\u00a0 <a href=\"tel:+34604435919\">604 435 919<\/a><\/p>\t\t\t\t\t\t\t\t<\/div>\n\t\t\t\t<\/div>\n\t\t\t\t<\/div>\n\t\t\t\t\t<\/div>\n\t\t\t\t<\/div>\n\t\t\t\t<\/div>\n\t\t","protected":false},"excerpt":{"rendered":"<p>Venta al por mayor y eventos En Nerja Coffee Roasters creemos en la fuerza de las colaboraciones que aportan calidad, autenticidad y valor a\u00f1adido a los negocios. Ya sea que administres una cafeter\u00eda, restaurante u hotel, nuestro caf\u00e9 de especialidad, cuidadosamente seleccionado y artesanalmente tostado en peque\u00f1os lotes, puede convertirse en&hellip;<\/p>\n","protected":false},"author":1,"featured_media":0,"parent":0,"menu_order":0,"comment_status":"closed","ping_status":"closed","template":"","meta":{"footnotes":""},"class_list":["post-88","page","type-page","status-publish","hentry"],"_links":{"self":[{"href":"https:\/\/nerjacoffeeroasters.com\/es\/wp-json\/wp\/v2\/pages\/88","targetHints":{"allow":["GET"]}}],"collection":[{"href":"https:\/\/nerjacoffeeroasters.com\/es\/wp-json\/wp\/v2\/pages"}],"about":[{"href":"https:\/\/nerjacoffeeroasters.com\/es\/wp-json\/wp\/v2\/types\/page"}],"author":[{"embeddable":true,"href":"https:\/\/nerjacoffeeroasters.com\/es\/wp-json\/wp\/v2\/users\/1"}],"replies":[{"embeddable":true,"href":"https:\/\/nerjacoffeeroasters.com\/es\/wp-json\/wp\/v2\/comments?post=88"}],"version-history":[{"count":43,"href":"https:\/\/nerjacoffeeroasters.com\/es\/wp-json\/wp\/v2\/pages\/88\/revisions"}],"predecessor-version":[{"id":3401,"href":"https:\/\/nerjacoffeeroasters.com\/es\/wp-json\/wp\/v2\/pages\/88\/revisions\/3401"}],"wp:attachment":[{"href":"https:\/\/nerjacoffeeroasters.com\/es\/wp-json\/wp\/v2\/media?parent=88"}],"curies":[{"name":"wp","href":"https:\/\/api.w.org\/{rel}","templated":true}]}}