{"id":1099,"date":"2024-01-11T10:20:40","date_gmt":"2024-01-11T09:20:40","guid":{"rendered":"https:\/\/nerjacoffeeroasters.com\/?post_type=product&#038;p=1099"},"modified":"2026-01-19T10:02:13","modified_gmt":"2026-01-19T09:02:13","slug":"suscripcion-mensual-de-cafe","status":"publish","type":"product","link":"https:\/\/nerjacoffeeroasters.com\/es\/product\/suscripcion-mensual-de-cafe\/","title":{"rendered":"Suscripci\u00f3n de Caf\u00e9"},"content":{"rendered":"<div class=\"_3cRjW\" data-hook=\"content-wrapper\">\n<p>*Las suscripciones mensuales son por un m\u00ednimo de 3 meses, despu\u00e9s de los cuales puedes cancelar cuando quieras. El env\u00edo gratuito s\u00f3lo est\u00e1 disponible para la Pen\u00ednsula. Si cambia de domicilio durante el periodo de suscripci\u00f3n, comun\u00edquenos su nueva direcci\u00f3n. Si su nueva direcci\u00f3n est\u00e1 fuera de la Pen\u00ednsula, se aplicar\u00e1n nuestros gastos de env\u00edo.<\/p>\n<p>Descubre la comodidad de tener siempre a mano tu caf\u00e9 reci\u00e9n tostado con nuestra suscripci\u00f3n de caf\u00e9. En Nerja Coffee Roasters queremos que saborees cada taza sin preocupaciones, por eso hemos dise\u00f1ado un servicio de suscripci\u00f3n que se adapta a ti:<\/p>\n<p><strong>Frescura garantizada<\/strong>: Tostamos a mano en peque\u00f1os lotes y enviamos tu pedido r\u00e1pidamente para que siempre disfrutes de un caf\u00e9 100% Ar\u00e1bica con sus notas de cata naturales intactas.<\/p>\n<p><strong>Personalizaci\u00f3n total<\/strong>: Elige el tipo de molienda (o grano) que mejor se adapte a tu m\u00e9todo de preparaci\u00f3n y recibe la cantidad que necesites, con la frecuencia que te resulte m\u00e1s c\u00f3moda.<\/p>\n<p><strong>Ahorro y facilidad<\/strong>: Aprovecha descuentos exclusivos y olv\u00eddate de comprar caf\u00e9 a \u00faltimo momento. Con la suscripci\u00f3n, recibir\u00e1s tus paquetes autom\u00e1ticamente en la puerta de tu casa.<\/p>\n<p><strong>Calidad sostenible:<\/strong> Al mantener un servicio de suscripci\u00f3n, apoyas nuestro compromiso con la producci\u00f3n ecol\u00f3gica y la trazabilidad de cada grano, respetando el medio ambiente y a los productores locales.<\/p>\n<p><strong>Flexibilidad en todo momento<\/strong>: Ajusta, pausa o cancela tu suscripci\u00f3n cuando lo desees, sin ning\u00fan coste extra.<\/p>\n<p>Con la suscripci\u00f3n de Nerja Coffee Roasters, te invitamos a vivir una experiencia inigualable en cada taza, respaldada por nuestro amor al caf\u00e9 y nuestro empe\u00f1o en tostar cada grano con dedicaci\u00f3n. \u00a1Disfruta de la magia del caf\u00e9 de especialidad reci\u00e9n tostado todos los d\u00edas!<\/p>\n<\/div>\n","protected":false},"excerpt":{"rendered":"<p>*Las suscripciones mensuales son por un m\u00ednimo de 3 meses, despu\u00e9s de los cuales puedes cancelarlas cuando quieras.<\/p>\n","protected":false},"featured_media":3233,"comment_status":"open","ping_status":"closed","template":"","meta":[],"product_brand":[],"product_cat":[40],"product_tag":[91,90,92,19,93,94,89],"class_list":{"0":"post-1099","1":"product","2":"type-product","3":"status-publish","4":"has-post-thumbnail","6":"product_cat-suscripciones-cafe","7":"product_tag-cafe-de-especialidad","8":"product_tag-cafe-de-origen-unico","9":"product_tag-cafe-en-grano","10":"product_tag-cafe-especial","11":"product_tag-cafe-organico","12":"product_tag-nerja","13":"product_tag-suscripcion-a-cafe","15":"first","16":"instock","17":"sale","18":"taxable","19":"shipping-taxable","20":"purchasable","21":"product-type-variable"},"_links":{"self":[{"href":"https:\/\/nerjacoffeeroasters.com\/es\/wp-json\/wp\/v2\/product\/1099","targetHints":{"allow":["GET"]}}],"collection":[{"href":"https:\/\/nerjacoffeeroasters.com\/es\/wp-json\/wp\/v2\/product"}],"about":[{"href":"https:\/\/nerjacoffeeroasters.com\/es\/wp-json\/wp\/v2\/types\/product"}],"replies":[{"embeddable":true,"href":"https:\/\/nerjacoffeeroasters.com\/es\/wp-json\/wp\/v2\/comments?post=1099"}],"wp:featuredmedia":[{"embeddable":true,"href":"https:\/\/nerjacoffeeroasters.com\/es\/wp-json\/wp\/v2\/media\/3233"}],"wp:attachment":[{"href":"https:\/\/nerjacoffeeroasters.com\/es\/wp-json\/wp\/v2\/media?parent=1099"}],"wp:term":[{"taxonomy":"product_brand","embeddable":true,"href":"https:\/\/nerjacoffeeroasters.com\/es\/wp-json\/wp\/v2\/product_brand?post=1099"},{"taxonomy":"product_cat","embeddable":true,"href":"https:\/\/nerjacoffeeroasters.com\/es\/wp-json\/wp\/v2\/product_cat?post=1099"},{"taxonomy":"product_tag","embeddable":true,"href":"https:\/\/nerjacoffeeroasters.com\/es\/wp-json\/wp\/v2\/product_tag?post=1099"}],"curies":[{"name":"wp","href":"https:\/\/api.w.org\/{rel}","templated":true}]}}