{"id":221,"date":"2023-10-24T21:00:25","date_gmt":"2023-10-24T21:00:25","guid":{"rendered":"https:\/\/dev2.yinyangstudios.opalstacked.com\/?post_type=product&#038;p=221"},"modified":"2026-02-20T12:53:52","modified_gmt":"2026-02-20T11:53:52","slug":"organic-mexican-decaf-coffee","status":"publish","type":"product","link":"https:\/\/nerjacoffeeroasters.com\/es\/product\/organic-mexican-decaf-coffee\/","title":{"rendered":"Caf\u00e9 Org\u00e1nico Descafeinado de M\u00e9xico"},"content":{"rendered":"<div class=\"_3cRjW\" data-hook=\"content-wrapper\">\n<p class=\"\" data-start=\"44\" data-end=\"260\">Descubre la rica tradici\u00f3n cafetalera de Puebla, M\u00e9xico, con nuestro nuevo <strong>Caf\u00e9 Org\u00e1nico Descafeinado Mexicano<\/strong>, cultivado a altitudes de 900\u20131000 metros en las exuberantes monta\u00f1as de la Sierra Norte. Con notas de cata a <strong>nuez moscada y toffee<\/strong>, este caf\u00e9 de especialidad ofrece un cuerpo suave, aroma delicado y acidez ligera que reflejan el terroir \u00fanico de Hueytamalco, Cuetzalan y Teziutl\u00e1n. Desde 1870, las monta\u00f1as, cascadas y suelos f\u00e9rtiles de Puebla han dado vida a granos reconocidos entre los mejores del mundo. Descafeinado mediante el M\u00e9todo Suizo del Agua y cultivado de manera sostenible por familias locales, este Caf\u00e9 Org\u00e1nico Descafeinado Mexicano brinda una experiencia aut\u00e9ntica para quienes buscan una taza de caf\u00e9 descafeinado de alta calidad.<\/p>\n<p class=\"\" data-start=\"262\" data-end=\"330\"><strong><em>Notas de cata:<\/em> Nuez moscada y toffee<\/strong><\/p>\n<p>\u00a0 <img fetchpriority=\"high\" decoding=\"async\" class=\"alignnone wp-image-3574\" src=\"https:\/\/nerjacoffeeroasters.com\/wp-content\/uploads\/2025\/12\/Verano-Azul-Profile-7-300x300.png\" alt=\"\" width=\"250\" height=\"250\" srcset=\"https:\/\/nerjacoffeeroasters.com\/wp-content\/uploads\/2025\/12\/Verano-Azul-Profile-7-300x300.png 300w, https:\/\/nerjacoffeeroasters.com\/wp-content\/uploads\/2025\/12\/Verano-Azul-Profile-7-1024x1024.png 1024w, https:\/\/nerjacoffeeroasters.com\/wp-content\/uploads\/2025\/12\/Verano-Azul-Profile-7-150x150.png 150w, https:\/\/nerjacoffeeroasters.com\/wp-content\/uploads\/2025\/12\/Verano-Azul-Profile-7-768x768.png 768w, https:\/\/nerjacoffeeroasters.com\/wp-content\/uploads\/2025\/12\/Verano-Azul-Profile-7-12x12.png 12w, https:\/\/nerjacoffeeroasters.com\/wp-content\/uploads\/2025\/12\/Verano-Azul-Profile-7-600x600.png 600w, https:\/\/nerjacoffeeroasters.com\/wp-content\/uploads\/2025\/12\/Verano-Azul-Profile-7.png 1080w\" sizes=\"(max-width: 250px) 100vw, 250px\" \/><\/p>\n<p><strong><em>Perfil de tueste:<\/em> Omniroast &#8211; Medio<\/strong><\/p>\n<p><strong><em>Perfil de sabor:<\/em> Intenso, completo<\/strong><\/p>\n<p>&nbsp;<\/p>\n<p><img decoding=\"async\" class=\"alignnone  wp-image-3862\" src=\"https:\/\/nerjacoffeeroasters.com\/wp-content\/uploads\/2026\/02\/website-recommendations-graphic-300x300.png\" alt=\"Graphic describing the coffee to water ratio recommendations for different coffee preparations methods\" width=\"250\" height=\"250\" srcset=\"https:\/\/nerjacoffeeroasters.com\/wp-content\/uploads\/2026\/02\/website-recommendations-graphic-300x300.png 300w, https:\/\/nerjacoffeeroasters.com\/wp-content\/uploads\/2026\/02\/website-recommendations-graphic-150x150.png 150w, https:\/\/nerjacoffeeroasters.com\/wp-content\/uploads\/2026\/02\/website-recommendations-graphic-12x12.png 12w, https:\/\/nerjacoffeeroasters.com\/wp-content\/uploads\/2026\/02\/website-recommendations-graphic.png 500w\" sizes=\"(max-width: 250px) 100vw, 250px\" \/><\/p>\n<article class=\"text-token-text-primary w-full\" dir=\"auto\" data-testid=\"conversation-turn-44\" data-scroll-anchor=\"true\">\n<div class=\"text-base my-auto mx-auto py-5 [--thread-content-margin:--spacing(4)] @[37rem]:[--thread-content-margin:--spacing(6)] @[70rem]:[--thread-content-margin:--spacing(12)] px-(--thread-content-margin)\">\n<div class=\"[--thread-content-max-width:32rem] @[34rem]:[--thread-content-max-width:40rem] @[64rem]:[--thread-content-max-width:48rem] mx-auto flex max-w-(--thread-content-max-width) flex-1 text-base gap-4 md:gap-5 lg:gap-6 group\/turn-messages focus-visible:outline-hidden\" tabindex=\"-1\">\n<div class=\"group\/conversation-turn relative flex w-full min-w-0 flex-col agent-turn\">\n<div class=\"relative flex-col gap-1 md:gap-3\">\n<div class=\"flex max-w-full flex-col grow\">\n<div class=\"min-h-8 text-message relative flex w-full flex-col items-end gap-2 text-start break-words whitespace-normal [.text-message+&amp;]:mt-5\" dir=\"auto\" data-message-author-role=\"assistant\" data-message-id=\"581503e9-0457-409f-88fe-9ee93f468774\" data-message-model-slug=\"gpt-4o\">\n<div class=\"flex w-full flex-col gap-1 empty:hidden first:pt-[3px]\">\n<div class=\"markdown prose dark:prose-invert w-full break-words dark\">\n<p class=\"\" data-start=\"337\" data-end=\"468\"><strong><em>Regi\u00f3n:<\/em> Puebla<\/strong><br data-start=\"356\" data-end=\"359\" \/><strong><em>Proceso:<\/em> Lavado, Swiss Water<\/strong><br data-start=\"387\" data-end=\"390\" \/><strong><em>Altitud: 9<\/em>00 m \u2013 1000 m<\/strong><br data-start=\"418\" data-end=\"421\" \/><strong><em>Variedades:<\/em> Bourbon,Mundo Novo, Caturra.<\/strong><\/p>\n<\/div>\n<\/div>\n<\/div>\n<\/div>\n<\/div>\n<\/div>\n<\/div>\n<\/div>\n<\/article>\n<div class=\"pointer-events-none h-px w-px\" aria-hidden=\"true\" data-edge=\"true\"><\/div>\n<\/div>\n","protected":false},"excerpt":{"rendered":"<h5>Tueste medio<br \/>\nNotas de cata: Nuez moscada, toffee.<br \/>\nCombina muy bien con o sin leche.<\/h5>\n","protected":false},"featured_media":3723,"comment_status":"open","ping_status":"closed","template":"","meta":[],"product_brand":[],"product_cat":[16],"product_tag":[91,93,95,32],"class_list":{"0":"post-221","1":"product","2":"type-product","3":"status-publish","4":"has-post-thumbnail","6":"product_cat-cafe","7":"product_tag-cafe-de-especialidad","8":"product_tag-cafe-organico","9":"product_tag-granos-de-cafe-arabica","10":"product_tag-nerja-cafe","12":"first","13":"instock","14":"taxable","15":"shipping-taxable","16":"purchasable","17":"product-type-variable"},"_links":{"self":[{"href":"https:\/\/nerjacoffeeroasters.com\/es\/wp-json\/wp\/v2\/product\/221","targetHints":{"allow":["GET"]}}],"collection":[{"href":"https:\/\/nerjacoffeeroasters.com\/es\/wp-json\/wp\/v2\/product"}],"about":[{"href":"https:\/\/nerjacoffeeroasters.com\/es\/wp-json\/wp\/v2\/types\/product"}],"replies":[{"embeddable":true,"href":"https:\/\/nerjacoffeeroasters.com\/es\/wp-json\/wp\/v2\/comments?post=221"}],"wp:featuredmedia":[{"embeddable":true,"href":"https:\/\/nerjacoffeeroasters.com\/es\/wp-json\/wp\/v2\/media\/3723"}],"wp:attachment":[{"href":"https:\/\/nerjacoffeeroasters.com\/es\/wp-json\/wp\/v2\/media?parent=221"}],"wp:term":[{"taxonomy":"product_brand","embeddable":true,"href":"https:\/\/nerjacoffeeroasters.com\/es\/wp-json\/wp\/v2\/product_brand?post=221"},{"taxonomy":"product_cat","embeddable":true,"href":"https:\/\/nerjacoffeeroasters.com\/es\/wp-json\/wp\/v2\/product_cat?post=221"},{"taxonomy":"product_tag","embeddable":true,"href":"https:\/\/nerjacoffeeroasters.com\/es\/wp-json\/wp\/v2\/product_tag?post=221"}],"curies":[{"name":"wp","href":"https:\/\/api.w.org\/{rel}","templated":true}]}}