{"id":225,"date":"2023-10-24T20:00:20","date_gmt":"2023-10-24T20:00:20","guid":{"rendered":"https:\/\/dev2.yinyangstudios.opalstacked.com\/?post_type=product&#038;p=225"},"modified":"2026-01-28T11:52:22","modified_gmt":"2026-01-28T10:52:22","slug":"taste-the-world","status":"publish","type":"product","link":"https:\/\/nerjacoffeeroasters.com\/es\/product\/taste-the-world\/","title":{"rendered":"Taste the World"},"content":{"rendered":"<div class=\"_3cRjW\" data-hook=\"content-wrapper\">\n<p class=\"\" data-start=\"55\" data-end=\"258\">Sabemos lo dif\u00edcil que es elegir solo un caf\u00e9, por eso hemos creado nuestra deliciosa opci\u00f3n <strong data-start=\"148\" data-end=\"167\">Taste The World<\/strong>. Una forma perfecta de explorar una selecci\u00f3n m\u00e1s amplia de nuestros caf\u00e9s m\u00e1s exquisitos.<\/p>\n<hr class=\"\" data-start=\"260\" data-end=\"263\" \/>\n<p data-start=\"265\" data-end=\"330\"><strong>Para quienes prefieren una exploraci\u00f3n en peque\u00f1o formato:<\/strong><\/p>\n<p class=\"\" data-start=\"331\" data-end=\"465\">Recibir\u00e1s <strong data-start=\"341\" data-end=\"367\">una bolsa de 50 gramos<\/strong> de <strong data-start=\"371\" data-end=\"410\">cuatro de nuestros sabores actuales<\/strong>. Ideal para probar diferentes perfiles sin compromiso.<\/p>\n<hr class=\"\" data-start=\"467\" data-end=\"470\" \/>\n<p data-start=\"472\" data-end=\"513\"><strong>Para una experiencia m\u00e1s generosa:<\/strong><\/p>\n<p class=\"\" data-start=\"514\" data-end=\"714\">Disfruta de <strong data-start=\"526\" data-end=\"553\">una bolsa de 250 gramos<\/strong> de <strong data-start=\"557\" data-end=\"596\">cuatro de nuestros sabores actuales<\/strong>. Perfecta para quienes desean saborear una amplia variedad de nuestros mejores caf\u00e9s de distintas regiones del mundo.<\/p>\n<hr class=\"\" data-start=\"716\" data-end=\"719\" \/>\n<p data-start=\"721\" data-end=\"818\"><strong>Y si ya sabes lo que te gusta o est\u00e1s buscando el regalo perfecto para un amante del caf\u00e9:<\/strong><\/p>\n<p class=\"\" data-start=\"819\" data-end=\"949\">Disponemos tambi\u00e9n de opciones de <strong data-start=\"853\" data-end=\"881\">500 gramos o 1 kilogramo<\/strong>, pensadas para quienes valoran calidad y cantidad a partes iguales.<\/p>\n<hr class=\"\" data-start=\"951\" data-end=\"954\" \/>\n<p class=\"\" data-start=\"956\" data-end=\"1062\">Con <strong data-start=\"960\" data-end=\"979\">Taste The World<\/strong>, descubrir nuevos aromas, sabores y or\u00edgenes nunca fue tan f\u00e1cil ni tan delicioso.<\/p>\n<\/div>\n","protected":false},"excerpt":{"rendered":"<h5>Una selecci\u00f3n de cuatro de tus caf\u00e9s favoritos.<\/h5>\n","protected":false},"featured_media":3725,"comment_status":"open","ping_status":"closed","template":"","meta":[],"product_brand":[],"product_cat":[16],"product_tag":[91,93,95,32],"class_list":{"0":"post-225","1":"product","2":"type-product","3":"status-publish","4":"has-post-thumbnail","6":"product_cat-cafe","7":"product_tag-cafe-de-especialidad","8":"product_tag-cafe-organico","9":"product_tag-granos-de-cafe-arabica","10":"product_tag-nerja-cafe","12":"first","13":"instock","14":"taxable","15":"shipping-taxable","16":"purchasable","17":"product-type-variable"},"_links":{"self":[{"href":"https:\/\/nerjacoffeeroasters.com\/es\/wp-json\/wp\/v2\/product\/225","targetHints":{"allow":["GET"]}}],"collection":[{"href":"https:\/\/nerjacoffeeroasters.com\/es\/wp-json\/wp\/v2\/product"}],"about":[{"href":"https:\/\/nerjacoffeeroasters.com\/es\/wp-json\/wp\/v2\/types\/product"}],"replies":[{"embeddable":true,"href":"https:\/\/nerjacoffeeroasters.com\/es\/wp-json\/wp\/v2\/comments?post=225"}],"wp:featuredmedia":[{"embeddable":true,"href":"https:\/\/nerjacoffeeroasters.com\/es\/wp-json\/wp\/v2\/media\/3725"}],"wp:attachment":[{"href":"https:\/\/nerjacoffeeroasters.com\/es\/wp-json\/wp\/v2\/media?parent=225"}],"wp:term":[{"taxonomy":"product_brand","embeddable":true,"href":"https:\/\/nerjacoffeeroasters.com\/es\/wp-json\/wp\/v2\/product_brand?post=225"},{"taxonomy":"product_cat","embeddable":true,"href":"https:\/\/nerjacoffeeroasters.com\/es\/wp-json\/wp\/v2\/product_cat?post=225"},{"taxonomy":"product_tag","embeddable":true,"href":"https:\/\/nerjacoffeeroasters.com\/es\/wp-json\/wp\/v2\/product_tag?post=225"}],"curies":[{"name":"wp","href":"https:\/\/api.w.org\/{rel}","templated":true}]}}