{"id":277,"date":"2023-10-26T11:02:29","date_gmt":"2023-10-26T11:02:29","guid":{"rendered":"https:\/\/dev2.yinyangstudios.opalstacked.com\/?post_type=product&#038;p=277"},"modified":"2026-01-28T09:00:01","modified_gmt":"2026-01-28T08:00:01","slug":"filtros-de-papel-aeropress","status":"publish","type":"product","link":"https:\/\/nerjacoffeeroasters.com\/es\/product\/filtros-de-papel-aeropress\/","title":{"rendered":"Filtros de papel Aeropress"},"content":{"rendered":"<p class=\"\" data-start=\"52\" data-end=\"471\">Disfruta del caf\u00e9 m\u00e1s limpio y suave cada ma\u00f1ana con nuestros <strong data-start=\"114\" data-end=\"149\">filtros de papel para AeroPress<\/strong>, un elemento esencial para los verdaderos amantes del <strong data-start=\"204\" data-end=\"228\">caf\u00e9 de especialidad<\/strong>. Dise\u00f1ados para ofrecer el <strong data-start=\"256\" data-end=\"274\">sabor perfecto<\/strong> en cada preparaci\u00f3n, estos filtros sostenibles cuentan con una microfiltraci\u00f3n que elimina los residuos y retiene los aceites, dando como resultado una taza <strong data-start=\"432\" data-end=\"470\">pura, llena de sabor y sin amargor<\/strong>.<\/p>\n<p class=\"\" data-start=\"473\" data-end=\"750\">Ya sea para comenzar tu d\u00eda en casa o como parte de tu ritual de fin de semana, estos filtros <strong data-start=\"567\" data-end=\"600\">biodegradables y compostables<\/strong> te permiten preparar un mejor caf\u00e9 mientras contribuyes al cuidado del planeta. Porque el gran sabor y la sostenibilidad deben ir siempre de la mano.<\/p>\n<hr class=\"\" data-start=\"752\" data-end=\"755\" \/>\n<p class=\"\" data-start=\"757\" data-end=\"778\"><strong data-start=\"757\" data-end=\"778\">Especificaciones:<\/strong><\/p>\n<ul data-start=\"780\" data-end=\"1078\">\n<li class=\"\" data-start=\"780\" data-end=\"838\">\n<p class=\"\" data-start=\"782\" data-end=\"838\">Compatibles con cafeteras AeroPress de tama\u00f1o est\u00e1ndar<\/p>\n<\/li>\n<li class=\"\" data-start=\"839\" data-end=\"900\">\n<p class=\"\" data-start=\"841\" data-end=\"900\"><strong data-start=\"841\" data-end=\"860\">Microperforados<\/strong>, ideales para caf\u00e9s molidos m\u00e1s finos<\/p>\n<\/li>\n<li class=\"\" data-start=\"901\" data-end=\"965\">\n<p class=\"\" data-start=\"903\" data-end=\"965\">Fabricados con papel de alta calidad y seguro para alimentos<\/p>\n<\/li>\n<li class=\"\" data-start=\"966\" data-end=\"1003\">\n<p class=\"\" data-start=\"968\" data-end=\"1003\"><strong data-start=\"968\" data-end=\"1001\">Biodegradables y compostables<\/strong><\/p>\n<\/li>\n<li class=\"\" data-start=\"1004\" data-end=\"1078\">\n<p class=\"\" data-start=\"1006\" data-end=\"1078\">Dise\u00f1ados para resaltar las notas m\u00e1s delicadas del caf\u00e9 de especialidad<\/p>\n<\/li>\n<\/ul>\n<hr class=\"\" data-start=\"1080\" data-end=\"1083\" \/>\n<p class=\"\" data-start=\"1085\" data-end=\"1343\">Con estos <strong data-start=\"1095\" data-end=\"1122\">350 filtros de repuesto<\/strong>, olv\u00eddate de los posos en la taza como sucede con la prensa francesa. El papel fino de los filtros ayuda a eliminar los aceites que pueden aportar amargor, asegurando una infusi\u00f3n m\u00e1s limpia, m\u00e1s suave y m\u00e1s equilibrada.<\/p>\n<p class=\"\" data-start=\"1345\" data-end=\"1431\"><strong data-start=\"1345\" data-end=\"1431\" data-is-last-node=\"\">Mejora tu caf\u00e9, cuida del medio ambiente y disfruta de una taza perfecta cada vez.<\/strong><\/p>\n","protected":false},"excerpt":{"rendered":"<h5>Filtros de papel Aeropress<br \/>\n350 filtros<\/h5>\n","protected":false},"featured_media":1783,"comment_status":"open","ping_status":"closed","template":"","meta":[],"product_brand":[],"product_cat":[39],"product_tag":[153,155,154],"class_list":{"0":"post-277","1":"product","2":"type-product","3":"status-publish","4":"has-post-thumbnail","6":"product_cat-accesorios","7":"product_tag-accesorios-de-cafe","8":"product_tag-metodos-de-extraccion","9":"product_tag-preparacion-de-cafe","10":"product_shipping_class-accessories","12":"first","13":"instock","14":"taxable","15":"shipping-taxable","16":"purchasable","17":"product-type-simple"},"_links":{"self":[{"href":"https:\/\/nerjacoffeeroasters.com\/es\/wp-json\/wp\/v2\/product\/277","targetHints":{"allow":["GET"]}}],"collection":[{"href":"https:\/\/nerjacoffeeroasters.com\/es\/wp-json\/wp\/v2\/product"}],"about":[{"href":"https:\/\/nerjacoffeeroasters.com\/es\/wp-json\/wp\/v2\/types\/product"}],"replies":[{"embeddable":true,"href":"https:\/\/nerjacoffeeroasters.com\/es\/wp-json\/wp\/v2\/comments?post=277"}],"wp:featuredmedia":[{"embeddable":true,"href":"https:\/\/nerjacoffeeroasters.com\/es\/wp-json\/wp\/v2\/media\/1783"}],"wp:attachment":[{"href":"https:\/\/nerjacoffeeroasters.com\/es\/wp-json\/wp\/v2\/media?parent=277"}],"wp:term":[{"taxonomy":"product_brand","embeddable":true,"href":"https:\/\/nerjacoffeeroasters.com\/es\/wp-json\/wp\/v2\/product_brand?post=277"},{"taxonomy":"product_cat","embeddable":true,"href":"https:\/\/nerjacoffeeroasters.com\/es\/wp-json\/wp\/v2\/product_cat?post=277"},{"taxonomy":"product_tag","embeddable":true,"href":"https:\/\/nerjacoffeeroasters.com\/es\/wp-json\/wp\/v2\/product_tag?post=277"}],"curies":[{"name":"wp","href":"https:\/\/api.w.org\/{rel}","templated":true}]}}