{"id":280,"date":"2023-10-26T11:06:49","date_gmt":"2023-10-26T11:06:49","guid":{"rendered":"https:\/\/dev2.yinyangstudios.opalstacked.com\/?post_type=product&#038;p=280"},"modified":"2026-01-29T15:27:35","modified_gmt":"2026-01-29T14:27:35","slug":"aeropress-go","status":"publish","type":"product","link":"https:\/\/nerjacoffeeroasters.com\/es\/product\/aeropress-go\/","title":{"rendered":"Aeropress Go"},"content":{"rendered":"<p class=\"\" data-start=\"47\" data-end=\"350\">Prepara caf\u00e9 de especialidad excepcional donde sea que te lleve el d\u00eda con la <strong data-start=\"125\" data-end=\"141\">AeroPress Go<\/strong>, la cafetera port\u00e1til definitiva. Dise\u00f1ada para quienes tienen un estilo de vida activo, ofrece una taza suave y rica <strong data-start=\"260\" data-end=\"278\">sin sedimentos<\/strong>, resaltando todo el sabor de tus <strong data-start=\"312\" data-end=\"349\">granos de caf\u00e9 org\u00e1nico favoritos<\/strong>.<\/p>\n<p class=\"\" data-start=\"352\" data-end=\"692\">Compacta, pr\u00e1ctica y r\u00e1pida, la AeroPress Go es tu soluci\u00f3n perfecta para disfrutar de caf\u00e9 de calidad de cafeter\u00eda est\u00e9s donde est\u00e9s: <strong data-start=\"487\" data-end=\"551\">de excursi\u00f3n, de camping, en la oficina o durante tus viajes<\/strong>. Gracias a su dise\u00f1o inteligente y su taza incorporada, puedes llevar contigo tu ritual cafetero <strong data-start=\"649\" data-end=\"691\">sin renunciar al sabor ni a la calidad<\/strong>.<\/p>\n<hr class=\"\" data-start=\"694\" data-end=\"697\" \/>\n<h4 class=\"\" data-start=\"699\" data-end=\"754\"><strong data-start=\"706\" data-end=\"754\">Calidad y Rendimiento en un Formato Compacto<\/strong><\/h4>\n<p class=\"\" data-start=\"755\" data-end=\"878\">La AeroPress Go es una herramienta potente para los amantes del caf\u00e9 que buscan rendimiento sin sacrificar la portabilidad:<\/p>\n<ul data-start=\"879\" data-end=\"1011\">\n<li class=\"\" data-start=\"879\" data-end=\"942\">\n<p class=\"\" data-start=\"881\" data-end=\"942\">Prepara entre <strong data-start=\"895\" data-end=\"910\">1 y 3 tazas<\/strong> de caf\u00e9 en menos de un minuto<\/p>\n<\/li>\n<li class=\"\" data-start=\"943\" data-end=\"1011\">\n<p class=\"\" data-start=\"945\" data-end=\"1011\">Ideal para caf\u00e9 <strong data-start=\"961\" data-end=\"974\">americano<\/strong>, <strong data-start=\"976\" data-end=\"989\">cold brew<\/strong> o estilo <strong data-start=\"999\" data-end=\"1011\">espresso<\/strong><\/p>\n<\/li>\n<\/ul>\n<hr class=\"\" data-start=\"1013\" data-end=\"1016\" \/>\n<h4 class=\"\" data-start=\"1018\" data-end=\"1047\"><strong data-start=\"1026\" data-end=\"1047\">Lista para Viajar<\/strong><\/h4>\n<p class=\"\" data-start=\"1048\" data-end=\"1227\">Viene con una <strong data-start=\"1062\" data-end=\"1101\">taza apta para microondas y su tapa<\/strong>, que tambi\u00e9n funciona como estuche de transporte.<br data-start=\"1151\" data-end=\"1154\" \/><strong data-start=\"1154\" data-end=\"1196\">Empaqueta, prepara, disfruta y enjuaga<\/strong> en pocos pasos. Perfecta para:<\/p>\n<ul data-start=\"1228\" data-end=\"1305\">\n<li class=\"\" data-start=\"1228\" data-end=\"1255\">\n<p class=\"\" data-start=\"1230\" data-end=\"1255\">Aventuras al aire libre<\/p>\n<\/li>\n<li class=\"\" data-start=\"1256\" data-end=\"1284\">\n<p class=\"\" data-start=\"1258\" data-end=\"1284\">D\u00edas de trabajo intensos<\/p>\n<\/li>\n<li class=\"\" data-start=\"1285\" data-end=\"1305\">\n<p class=\"\" data-start=\"1287\" data-end=\"1305\">Ma\u00f1anas en hoteles<\/p>\n<\/li>\n<\/ul>\n<hr class=\"\" data-start=\"1307\" data-end=\"1310\" \/>\n<h4 class=\"\" data-start=\"1312\" data-end=\"1343\"><strong data-start=\"1320\" data-end=\"1343\">Contenido del pack:<\/strong><\/h4>\n<ul data-start=\"1344\" data-end=\"1525\">\n<li class=\"\" data-start=\"1344\" data-end=\"1376\">\n<p class=\"\" data-start=\"1346\" data-end=\"1376\">C\u00e1mara y \u00e9mbolo AeroPress Go<\/p>\n<\/li>\n<li class=\"\" data-start=\"1377\" data-end=\"1428\">\n<p class=\"\" data-start=\"1379\" data-end=\"1428\">Taza con tapa (apta como estuche de transporte)<\/p>\n<\/li>\n<li class=\"\" data-start=\"1429\" data-end=\"1452\">\n<p class=\"\" data-start=\"1431\" data-end=\"1452\">Removedor\/agitaci\u00f3n<\/p>\n<\/li>\n<li class=\"\" data-start=\"1453\" data-end=\"1477\">\n<p class=\"\" data-start=\"1455\" data-end=\"1477\">100 filtros de papel<\/p>\n<\/li>\n<li class=\"\" data-start=\"1478\" data-end=\"1502\">\n<p class=\"\" data-start=\"1480\" data-end=\"1502\">Soporte para filtros<\/p>\n<\/li>\n<li class=\"\" data-start=\"1503\" data-end=\"1525\">\n<p class=\"\" data-start=\"1505\" data-end=\"1525\">Cuchara dosificadora<\/p>\n<\/li>\n<\/ul>\n<hr class=\"\" data-start=\"1527\" data-end=\"1530\" \/>\n<p class=\"\" data-start=\"1532\" data-end=\"1902\"><strong data-start=\"1532\" data-end=\"1552\">F\u00e1cil de limpiar<\/strong>, <strong data-start=\"1554\" data-end=\"1580\">apta para lavavajillas<\/strong> (solo en bandeja superior) y <strong data-start=\"1610\" data-end=\"1626\">libre de BPA<\/strong>.<br data-start=\"1627\" data-end=\"1630\" \/>Para conservarla en perfecto estado, enju\u00e1gala tras cada uso y l\u00edmpiala ocasionalmente con agua tibia y jab\u00f3n. Para prolongar la vida \u00fatil del sello, expulsa el caf\u00e9 usado inmediatamente despu\u00e9s de preparar y guarda el \u00e9mbolo completamente extendido a trav\u00e9s de la c\u00e1mara.<\/p>\n","protected":false},"excerpt":{"rendered":"<h5>Aeropress Go-200 ml<br \/>\n3 espressos<br \/>\n1 americano<\/h5>\n","protected":false},"featured_media":3748,"comment_status":"open","ping_status":"closed","template":"","meta":[],"product_brand":[],"product_cat":[39],"product_tag":[153,155,154],"class_list":{"0":"post-280","1":"product","2":"type-product","3":"status-publish","4":"has-post-thumbnail","6":"product_cat-accesorios","7":"product_tag-accesorios-de-cafe","8":"product_tag-metodos-de-extraccion","9":"product_tag-preparacion-de-cafe","10":"product_shipping_class-accessories","12":"first","13":"instock","14":"taxable","15":"shipping-taxable","16":"purchasable","17":"product-type-simple"},"_links":{"self":[{"href":"https:\/\/nerjacoffeeroasters.com\/es\/wp-json\/wp\/v2\/product\/280","targetHints":{"allow":["GET"]}}],"collection":[{"href":"https:\/\/nerjacoffeeroasters.com\/es\/wp-json\/wp\/v2\/product"}],"about":[{"href":"https:\/\/nerjacoffeeroasters.com\/es\/wp-json\/wp\/v2\/types\/product"}],"replies":[{"embeddable":true,"href":"https:\/\/nerjacoffeeroasters.com\/es\/wp-json\/wp\/v2\/comments?post=280"}],"wp:featuredmedia":[{"embeddable":true,"href":"https:\/\/nerjacoffeeroasters.com\/es\/wp-json\/wp\/v2\/media\/3748"}],"wp:attachment":[{"href":"https:\/\/nerjacoffeeroasters.com\/es\/wp-json\/wp\/v2\/media?parent=280"}],"wp:term":[{"taxonomy":"product_brand","embeddable":true,"href":"https:\/\/nerjacoffeeroasters.com\/es\/wp-json\/wp\/v2\/product_brand?post=280"},{"taxonomy":"product_cat","embeddable":true,"href":"https:\/\/nerjacoffeeroasters.com\/es\/wp-json\/wp\/v2\/product_cat?post=280"},{"taxonomy":"product_tag","embeddable":true,"href":"https:\/\/nerjacoffeeroasters.com\/es\/wp-json\/wp\/v2\/product_tag?post=280"}],"curies":[{"name":"wp","href":"https:\/\/api.w.org\/{rel}","templated":true}]}}