{"id":3240,"date":"2025-07-21T21:29:15","date_gmt":"2025-07-21T19:29:15","guid":{"rendered":"https:\/\/nerjacoffeeroasters.com\/?post_type=product&#038;p=3240"},"modified":"2026-01-28T08:58:39","modified_gmt":"2026-01-28T07:58:39","slug":"hario-cold-brew-coffee-maker","status":"publish","type":"product","link":"https:\/\/nerjacoffeeroasters.com\/es\/product\/hario-cold-brew-coffee-maker\/","title":{"rendered":"Cafetera de caf\u00e9 fr\u00edo Hario Mizudashi"},"content":{"rendered":"<p>Prepara un caf\u00e9 suave y refrescante de forma sencilla con <strong>la cafetera de caf\u00e9 fr\u00edo Hario Mizudashi<\/strong>, ya disponible en <strong>Nerja Coffee Roasters<\/strong>. Dise\u00f1ada en Jap\u00f3n, esta cafetera de vidrio resistente al calor de 1 L facilita la preparaci\u00f3n de un caf\u00e9 fr\u00edo limpio y de baja acidez en casa. Solo a\u00f1ade caf\u00e9 molido medio-fino y agua fr\u00eda, remueve y refrigera. El filtro ultrafino garantiza que no queden posos en tu taza, y su elegante dise\u00f1o en color chocolate queda genial en cualquier cocina. Ya sea que quieras combatir el calor del verano o simplemente disfrutar de un caf\u00e9 fr\u00edo, este es un accesorio imprescindible para cualquier amante del caf\u00e9 de especialidad.<\/p>\n<p>Para preparar un caf\u00e9 fr\u00edo, a<strong>\u00f1ada de 8 a 10 g de caf\u00e9 molido medio-fino por cada 100 ml<\/strong> de agua fr\u00eda al filtro. Remueva suavemente para asegurar que el caf\u00e9 est\u00e9 bien humedecido. <strong>Tape y refrigere de 12 a 30 horas<\/strong>, seg\u00fan lo intenso que prefiera. Cuando est\u00e9 listo, retire el filtro y sirva el caf\u00e9 fr\u00edo con hielo o directamente de la botella. Para una opci\u00f3n m\u00e1s r\u00e1pida, d\u00e9jelo reposar al menos 8 horas.<\/p>\n<p>Materiales:<\/p>\n<ul>\n<li data-start=\"1865\" data-end=\"1920\">\n<p data-start=\"1867\" data-end=\"1920\"><strong>Tapa, marco del colador, banda del asa:<\/strong> Polipropileno<\/p>\n<\/li>\n<li data-start=\"1921\" data-end=\"1959\">\n<p data-start=\"1923\" data-end=\"1959\"><strong>Malla del colador:<\/strong> Resina de poli\u00e9ster<\/p>\n<\/li>\n<li data-start=\"1960\" data-end=\"1992\">\n<p data-start=\"1962\" data-end=\"1992\"><strong>Casquillo:<\/strong> Caucho de silicona<\/p>\n<\/li>\n<li data-start=\"1993\" data-end=\"2027\">\n<p data-start=\"1995\" data-end=\"2027\"><strong>Recipiente de vidrio:<\/strong> Vidrio resistente al calor<\/p>\n<\/li>\n<\/ul>\n","protected":false},"excerpt":{"rendered":"<h5>Cafetera de caf\u00e9 fr\u00edo Hario &#8211; 1000 ml<\/h5>\n<h5><strong>3 Cold Brews<\/strong><\/h5>\n","protected":false},"featured_media":3241,"comment_status":"closed","ping_status":"closed","template":"","meta":[],"product_brand":[],"product_cat":[39],"product_tag":[153,155,154],"class_list":{"0":"post-3240","1":"product","2":"type-product","3":"status-publish","4":"has-post-thumbnail","6":"product_cat-accesorios","7":"product_tag-accesorios-de-cafe","8":"product_tag-metodos-de-extraccion","9":"product_tag-preparacion-de-cafe","10":"product_shipping_class-accessories","12":"first","13":"instock","14":"taxable","15":"shipping-taxable","16":"purchasable","17":"product-type-simple"},"_links":{"self":[{"href":"https:\/\/nerjacoffeeroasters.com\/es\/wp-json\/wp\/v2\/product\/3240","targetHints":{"allow":["GET"]}}],"collection":[{"href":"https:\/\/nerjacoffeeroasters.com\/es\/wp-json\/wp\/v2\/product"}],"about":[{"href":"https:\/\/nerjacoffeeroasters.com\/es\/wp-json\/wp\/v2\/types\/product"}],"replies":[{"embeddable":true,"href":"https:\/\/nerjacoffeeroasters.com\/es\/wp-json\/wp\/v2\/comments?post=3240"}],"wp:featuredmedia":[{"embeddable":true,"href":"https:\/\/nerjacoffeeroasters.com\/es\/wp-json\/wp\/v2\/media\/3241"}],"wp:attachment":[{"href":"https:\/\/nerjacoffeeroasters.com\/es\/wp-json\/wp\/v2\/media?parent=3240"}],"wp:term":[{"taxonomy":"product_brand","embeddable":true,"href":"https:\/\/nerjacoffeeroasters.com\/es\/wp-json\/wp\/v2\/product_brand?post=3240"},{"taxonomy":"product_cat","embeddable":true,"href":"https:\/\/nerjacoffeeroasters.com\/es\/wp-json\/wp\/v2\/product_cat?post=3240"},{"taxonomy":"product_tag","embeddable":true,"href":"https:\/\/nerjacoffeeroasters.com\/es\/wp-json\/wp\/v2\/product_tag?post=3240"}],"curies":[{"name":"wp","href":"https:\/\/api.w.org\/{rel}","templated":true}]}}