{"id":3277,"date":"2025-08-05T11:14:05","date_gmt":"2025-08-05T09:14:05","guid":{"rendered":"https:\/\/nerjacoffeeroasters.com\/?post_type=product&#038;p=3277"},"modified":"2026-04-09T11:55:49","modified_gmt":"2026-04-09T09:55:49","slug":"cafe-etiope-idido","status":"publish","type":"product","link":"https:\/\/nerjacoffeeroasters.com\/es\/product\/cafe-etiope-idido\/","title":{"rendered":"Caf\u00e9 Et\u00edope Idido"},"content":{"rendered":"<div class=\"_3cRjW\" data-hook=\"content-wrapper\">\n<p class=\"\" data-start=\"42\" data-end=\"399\">Este caf\u00e9 excepcional proviene de<strong> Idido, en la Zona Gedeo de Etiop\u00eda<\/strong>, uno de los or\u00edgenes m\u00e1s complejos y fascinantes del mundo del caf\u00e9. Cultivado por peque\u00f1os agricultores en parcelas de menos de una hect\u00e1rea, este lote expresa la altitud, los suelos f\u00e9rtiles y la claridad en taza que distinguen a la regi\u00f3n. Procesado con meticulosa trazabilidad en la estaci\u00f3n de Idido y secado en camas africanas elevadas, desarrolla un perfil arom\u00e1tico elegante con notas <strong>florales de jazm\u00edn y una vibrante dulzura tropical de pi\u00f1a<\/strong>. Un caf\u00e9 delicado, expresivo y perfectamente estructurado para los amantes del caf\u00e9 de especialidad.<\/p>\n<p data-start=\"42\" data-end=\"399\"><strong class=\"Yjhzub\" data-sfc-root=\"c\" data-sfc-cb=\"\" data-complete=\"true\" data-processed=\"true\" aria-owns=\"action-menu-parent-container\">Este grano est\u00e1 disponible en dos perfiles de tueste diferentes. Con un tueste medio es un poco m\u00e1s caramelizado y funciona bien tanto para filtro como para espresso. Con un tueste m\u00e1s ligero es m\u00e1s adecuado para filtro para quienes buscan un toque de acidez en el sabor; esto le aporta una nota de frambuesa a este grano.<\/strong><\/p>\n<p data-start=\"42\" data-end=\"399\">\n<p class=\"\" data-start=\"401\" data-end=\"485\"><strong><em>Notas de cata:<\/em> Jazm\u00edn<em> y pi\u00f1a<\/em><\/strong><\/p>\n<p><img decoding=\"async\" class=\"alignnone wp-image-3939\" src=\"https:\/\/nerjacoffeeroasters.com\/wp-content\/uploads\/2026\/03\/Yirgacheffe-Roast-Profile-300x300.png\" alt=\"animation of a jasmin flower and a sliced pineapple leaning against an uncut pineapple on a white background\" width=\"216\" height=\"216\" srcset=\"https:\/\/nerjacoffeeroasters.com\/wp-content\/uploads\/2026\/03\/Yirgacheffe-Roast-Profile-300x300.png 300w, https:\/\/nerjacoffeeroasters.com\/wp-content\/uploads\/2026\/03\/Yirgacheffe-Roast-Profile-1024x1024.png 1024w, https:\/\/nerjacoffeeroasters.com\/wp-content\/uploads\/2026\/03\/Yirgacheffe-Roast-Profile-150x150.png 150w, https:\/\/nerjacoffeeroasters.com\/wp-content\/uploads\/2026\/03\/Yirgacheffe-Roast-Profile-768x768.png 768w, https:\/\/nerjacoffeeroasters.com\/wp-content\/uploads\/2026\/03\/Yirgacheffe-Roast-Profile-12x12.png 12w, https:\/\/nerjacoffeeroasters.com\/wp-content\/uploads\/2026\/03\/Yirgacheffe-Roast-Profile-600x600.png 600w, https:\/\/nerjacoffeeroasters.com\/wp-content\/uploads\/2026\/03\/Yirgacheffe-Roast-Profile.png 1080w\" sizes=\"(max-width: 216px) 100vw, 216px\" \/><\/p>\n<p><em><strong>Perfil de tueste: 1. Omniroast \u2013 Medio 2. Filtro &#8211; Ligero<\/strong><\/em><\/p>\n<p><img fetchpriority=\"high\" decoding=\"async\" class=\"alignnone wp-image-1692\" src=\"https:\/\/nerjacoffeeroasters.com\/wp-content\/uploads\/2024\/11\/Recommendations-300x213.png\" alt=\"\" width=\"300\" height=\"213\" srcset=\"https:\/\/nerjacoffeeroasters.com\/wp-content\/uploads\/2024\/11\/Recommendations-300x213.png 300w, https:\/\/nerjacoffeeroasters.com\/wp-content\/uploads\/2024\/11\/Recommendations-1024x726.png 1024w, https:\/\/nerjacoffeeroasters.com\/wp-content\/uploads\/2024\/11\/Recommendations-768x545.png 768w, https:\/\/nerjacoffeeroasters.com\/wp-content\/uploads\/2024\/11\/Recommendations-1536x1090.png 1536w, https:\/\/nerjacoffeeroasters.com\/wp-content\/uploads\/2024\/11\/Recommendations-18x12.png 18w, https:\/\/nerjacoffeeroasters.com\/wp-content\/uploads\/2024\/11\/Recommendations.png 1748w\" sizes=\"(max-width: 300px) 100vw, 300px\" \/><\/p>\n<p><strong><em>Regi\u00f3n:<\/em> Yirgacheffe<\/strong><br data-start=\"510\" data-end=\"513\" \/><strong><em>Proceso:<\/em> Natural<\/strong><br data-start=\"533\" data-end=\"536\" \/><strong><em>Altitud:<\/em> 1900 m \u2013 2200 m<\/strong><br data-start=\"564\" data-end=\"567\" \/><strong><em>Variedades:<\/em> Kurume, Dega, Wolisho<\/strong><\/p>\n<\/div>\n","protected":false},"excerpt":{"rendered":"<h5>1. Omniroast &#8211; Medio, 2. Filtro &#8211; Ligero<br \/>\nNotas de cata: Jazm\u00edn, pi\u00f1a<br \/>\nPerfecto solo<\/h5>\n","protected":false},"featured_media":3943,"comment_status":"open","ping_status":"closed","template":"","meta":[],"product_brand":[],"product_cat":[16,74],"product_tag":[91,95,32],"class_list":{"0":"post-3277","1":"product","2":"type-product","3":"status-publish","4":"has-post-thumbnail","6":"product_cat-cafe","7":"product_cat-destacado","8":"product_tag-cafe-de-especialidad","9":"product_tag-granos-de-cafe-arabica","10":"product_tag-nerja-cafe","12":"first","13":"instock","14":"taxable","15":"shipping-taxable","16":"purchasable","17":"product-type-variable"},"_links":{"self":[{"href":"https:\/\/nerjacoffeeroasters.com\/es\/wp-json\/wp\/v2\/product\/3277","targetHints":{"allow":["GET"]}}],"collection":[{"href":"https:\/\/nerjacoffeeroasters.com\/es\/wp-json\/wp\/v2\/product"}],"about":[{"href":"https:\/\/nerjacoffeeroasters.com\/es\/wp-json\/wp\/v2\/types\/product"}],"replies":[{"embeddable":true,"href":"https:\/\/nerjacoffeeroasters.com\/es\/wp-json\/wp\/v2\/comments?post=3277"}],"wp:featuredmedia":[{"embeddable":true,"href":"https:\/\/nerjacoffeeroasters.com\/es\/wp-json\/wp\/v2\/media\/3943"}],"wp:attachment":[{"href":"https:\/\/nerjacoffeeroasters.com\/es\/wp-json\/wp\/v2\/media?parent=3277"}],"wp:term":[{"taxonomy":"product_brand","embeddable":true,"href":"https:\/\/nerjacoffeeroasters.com\/es\/wp-json\/wp\/v2\/product_brand?post=3277"},{"taxonomy":"product_cat","embeddable":true,"href":"https:\/\/nerjacoffeeroasters.com\/es\/wp-json\/wp\/v2\/product_cat?post=3277"},{"taxonomy":"product_tag","embeddable":true,"href":"https:\/\/nerjacoffeeroasters.com\/es\/wp-json\/wp\/v2\/product_tag?post=3277"}],"curies":[{"name":"wp","href":"https:\/\/api.w.org\/{rel}","templated":true}]}}