{"id":3311,"date":"2025-08-14T18:33:51","date_gmt":"2025-08-14T16:33:51","guid":{"rendered":"https:\/\/nerjacoffeeroasters.com\/?post_type=product&#038;p=3311"},"modified":"2026-01-28T08:58:15","modified_gmt":"2026-01-28T07:58:15","slug":"conjunto-de-servidor-hario-v60","status":"publish","type":"product","link":"https:\/\/nerjacoffeeroasters.com\/es\/product\/conjunto-de-servidor-hario-v60\/","title":{"rendered":"Conjunto de servidor Hario V60"},"content":{"rendered":"<p>Prepara caf\u00e9 de calidad de cafeter\u00eda en casa o en la oficina con el <strong>Hario V60 Coffee Dripper y Server Set de Nerja Coffee Roasters.<\/strong> Este kit premium de caf\u00e9 pour-over incluye todo lo necesario para disfrutar de una taza rica y llena de sabor en cada preparaci\u00f3n. Perfecto para principiantes y amantes del caf\u00e9, cuenta con una hoja de instrucciones para dominar el m\u00e9todo de filtrado. El dise\u00f1o V60 garantiza un flujo de agua y una extracci\u00f3n \u00f3ptimos, resaltando los sabores naturales de <strong>tus granos de caf\u00e9 de especialidad favoritos<\/strong>. Elegante, duradero y f\u00e1cil de usar, es un regalo ideal para entusiastas del caf\u00e9.<\/p>\n<p><strong>Incluye:<\/strong><\/p>\n<ul>\n<li data-start=\"1865\" data-end=\"1920\">\n<p data-start=\"1867\" data-end=\"1920\">Un gotero de pl\u00e1stico V60 (tama\u00f1o 02)<\/p>\n<\/li>\n<li data-start=\"1921\" data-end=\"1959\">\n<p data-start=\"1923\" data-end=\"1959\">Un recipiente de vidrio resistente al calor (600 ml)<\/p>\n<\/li>\n<li data-start=\"1960\" data-end=\"1992\">\n<p data-start=\"1962\" data-end=\"1992\">Un paquete de papel de filtro V60 (40 unidades)<\/p>\n<\/li>\n<li data-start=\"1993\" data-end=\"2027\">\n<p data-start=\"1995\" data-end=\"2027\">Una cuchara medidora (12 g)<\/p>\n<\/li>\n<\/ul>\n<p>&nbsp;<\/p>\n<p>Materiales:<\/p>\n<ul>\n<li data-start=\"1865\" data-end=\"1920\">\n<p data-start=\"1867\" data-end=\"1920\"><strong>Gotero:<\/strong> Pl\u00e1stico<\/p>\n<\/li>\n<li data-start=\"1921\" data-end=\"1959\">\n<p data-start=\"1923\" data-end=\"1959\"><strong>Cuchara medidora:<\/strong> Polipropileno<\/p>\n<\/li>\n<li data-start=\"1960\" data-end=\"1992\">\n<p data-start=\"1962\" data-end=\"1992\"><strong data-start=\"1962\" data-end=\"1974\">Papel de filtro: <\/strong>Pulpa<\/p>\n<\/li>\n<li data-start=\"1993\" data-end=\"2027\">\n<p data-start=\"1995\" data-end=\"2027\"><strong>Servidor:<\/strong> Vidrio resistente al calor<\/p>\n<\/li>\n<\/ul>\n","protected":false},"excerpt":{"rendered":"<h5>Conjunto de servidor Hario V60<\/h5>\n<p>3 Americanos<\/p>\n","protected":false},"featured_media":3312,"comment_status":"closed","ping_status":"closed","template":"","meta":[],"product_brand":[],"product_cat":[39],"product_tag":[153,155,154],"class_list":{"0":"post-3311","1":"product","2":"type-product","3":"status-publish","4":"has-post-thumbnail","6":"product_cat-accesorios","7":"product_tag-accesorios-de-cafe","8":"product_tag-metodos-de-extraccion","9":"product_tag-preparacion-de-cafe","10":"product_shipping_class-accessories","12":"first","13":"instock","14":"taxable","15":"shipping-taxable","16":"purchasable","17":"product-type-simple"},"_links":{"self":[{"href":"https:\/\/nerjacoffeeroasters.com\/es\/wp-json\/wp\/v2\/product\/3311","targetHints":{"allow":["GET"]}}],"collection":[{"href":"https:\/\/nerjacoffeeroasters.com\/es\/wp-json\/wp\/v2\/product"}],"about":[{"href":"https:\/\/nerjacoffeeroasters.com\/es\/wp-json\/wp\/v2\/types\/product"}],"replies":[{"embeddable":true,"href":"https:\/\/nerjacoffeeroasters.com\/es\/wp-json\/wp\/v2\/comments?post=3311"}],"wp:featuredmedia":[{"embeddable":true,"href":"https:\/\/nerjacoffeeroasters.com\/es\/wp-json\/wp\/v2\/media\/3312"}],"wp:attachment":[{"href":"https:\/\/nerjacoffeeroasters.com\/es\/wp-json\/wp\/v2\/media?parent=3311"}],"wp:term":[{"taxonomy":"product_brand","embeddable":true,"href":"https:\/\/nerjacoffeeroasters.com\/es\/wp-json\/wp\/v2\/product_brand?post=3311"},{"taxonomy":"product_cat","embeddable":true,"href":"https:\/\/nerjacoffeeroasters.com\/es\/wp-json\/wp\/v2\/product_cat?post=3311"},{"taxonomy":"product_tag","embeddable":true,"href":"https:\/\/nerjacoffeeroasters.com\/es\/wp-json\/wp\/v2\/product_tag?post=3311"}],"curies":[{"name":"wp","href":"https:\/\/api.w.org\/{rel}","templated":true}]}}