{"id":3323,"date":"2025-08-19T12:12:52","date_gmt":"2025-08-19T10:12:52","guid":{"rendered":"https:\/\/nerjacoffeeroasters.com\/?post_type=product&#038;p=3323"},"modified":"2026-01-28T08:57:37","modified_gmt":"2026-01-28T07:57:37","slug":"prensa-francesa-gronenberg","status":"publish","type":"product","link":"https:\/\/nerjacoffeeroasters.com\/es\/product\/prensa-francesa-gronenberg\/","title":{"rendered":"Prensa francesa Gronenberg"},"content":{"rendered":"<p>Prepara caf\u00e9 intenso y lleno de sabor con <strong>la prensa francesa Gr\u00f8nenberg<\/strong>, disponible en <strong>Nerja Coffee Roasters<\/strong>. Fabricada en acero inoxidable 304 de alta calidad, es resistente a la corrosi\u00f3n, segura para alimentos y preparada para el uso diario. Sus paredes extra gruesas de 0,8\u202fmm mantienen el caf\u00e9 caliente por m\u00e1s de una hora, superando los modelos est\u00e1ndar. Incluye 3 filtros de acero inoxidable para un rendimiento duradero y se presenta en un empaque 100\u202f% libre de pl\u00e1stico. Ideal para el hogar o los viajes, esta cafetera combina sabor, sostenibilidad y dise\u00f1o elegante. F\u00e1cil de limpiar a mano o en lavavajillas.<\/p>\n<p><strong>\u00bfC\u00f3mo se usa una prensa francesa?<\/strong><br \/>\nUsar una prensa francesa es incre\u00edblemente f\u00e1cil y no requiere pasos complicados. Aqu\u00ed tienes una gu\u00eda paso a paso:<\/p>\n<ul>\n<li>Muele los granos de caf\u00e9 gruesos, como se recomienda para una prensa francesa. Una cucharada de caf\u00e9 por cada 100 ml de agua es una buena gu\u00eda, pero puedes ajustarla a tu gusto.<\/li>\n<li>Hierve agua y d\u00e9jala enfriar brevemente hasta que alcance unos 90-94 grados Celsius. Vierte el agua caliente sobre el caf\u00e9 en la prensa francesa.<\/li>\n<li>Remueve el caf\u00e9 y el agua suavemente para asegurar que se distribuya uniformemente.<\/li>\n<li>Coloca la tapa y el \u00e9mbolo en la prensa francesa, manteniendo el \u00e9mbolo arriba. Deja reposar el caf\u00e9 durante unos 4 minutos.<\/li>\n<li>Transcurrido el tiempo de infusi\u00f3n, presiona lentamente el \u00e9mbolo hacia abajo. Esto separar\u00e1 los posos del caf\u00e9.<br \/>\nSirve tu caf\u00e9 reci\u00e9n hecho en tu taza y disfr\u00fatalo solo o con leche y az\u00facar, como prefieras.<\/li>\n<li>Despu\u00e9s de disfrutar de tu caf\u00e9 de prensa francesa, puedes simplemente meterla en el lavavajillas.<\/li>\n<\/ul>\n<p>Materiales:<\/p>\n<ul>\n<li><strong>Prensa francesa:<\/strong> Acero inoxidable 304 de alta calidad<\/li>\n<li><strong>Embalaje:<\/strong> 100% libre de pl\u00e1stico que incluye instrucciones pr\u00e1cticas<\/li>\n<\/ul>\n","protected":false},"excerpt":{"rendered":"<h5>Prensa francesa Gronenberg<\/h5>\n<h5>600ml &#8211; 3 tazas<\/h5>\n<h5>1000ml &#8211; 5 tazas<\/h5>\n","protected":false},"featured_media":910,"comment_status":"closed","ping_status":"closed","template":"","meta":[],"product_brand":[],"product_cat":[39],"product_tag":[153,155,154],"class_list":{"0":"post-3323","1":"product","2":"type-product","3":"status-publish","4":"has-post-thumbnail","6":"product_cat-accesorios","7":"product_tag-accesorios-de-cafe","8":"product_tag-metodos-de-extraccion","9":"product_tag-preparacion-de-cafe","11":"first","12":"instock","13":"taxable","14":"shipping-taxable","15":"purchasable","16":"product-type-variable"},"_links":{"self":[{"href":"https:\/\/nerjacoffeeroasters.com\/es\/wp-json\/wp\/v2\/product\/3323","targetHints":{"allow":["GET"]}}],"collection":[{"href":"https:\/\/nerjacoffeeroasters.com\/es\/wp-json\/wp\/v2\/product"}],"about":[{"href":"https:\/\/nerjacoffeeroasters.com\/es\/wp-json\/wp\/v2\/types\/product"}],"replies":[{"embeddable":true,"href":"https:\/\/nerjacoffeeroasters.com\/es\/wp-json\/wp\/v2\/comments?post=3323"}],"wp:featuredmedia":[{"embeddable":true,"href":"https:\/\/nerjacoffeeroasters.com\/es\/wp-json\/wp\/v2\/media\/910"}],"wp:attachment":[{"href":"https:\/\/nerjacoffeeroasters.com\/es\/wp-json\/wp\/v2\/media?parent=3323"}],"wp:term":[{"taxonomy":"product_brand","embeddable":true,"href":"https:\/\/nerjacoffeeroasters.com\/es\/wp-json\/wp\/v2\/product_brand?post=3323"},{"taxonomy":"product_cat","embeddable":true,"href":"https:\/\/nerjacoffeeroasters.com\/es\/wp-json\/wp\/v2\/product_cat?post=3323"},{"taxonomy":"product_tag","embeddable":true,"href":"https:\/\/nerjacoffeeroasters.com\/es\/wp-json\/wp\/v2\/product_tag?post=3323"}],"curies":[{"name":"wp","href":"https:\/\/api.w.org\/{rel}","templated":true}]}}