{"id":3403,"date":"2025-10-08T13:47:06","date_gmt":"2025-10-08T11:47:06","guid":{"rendered":"https:\/\/nerjacoffeeroasters.com\/?post_type=product&#038;p=3403"},"modified":"2026-02-20T12:37:15","modified_gmt":"2026-02-20T11:37:15","slug":"cafe-ruanda-muhororo","status":"publish","type":"product","link":"https:\/\/nerjacoffeeroasters.com\/es\/product\/cafe-ruanda-muhororo\/","title":{"rendered":"Caf\u00e9 Ruanda \u200bMuhororo"},"content":{"rendered":"<div class=\"_3cRjW\" data-hook=\"content-wrapper\">\n<p class=\"\" data-start=\"42\" data-end=\"399\">En las monta\u00f1as de <strong>Nyamasheke<\/strong>, donde el sol ilumina suavemente las plantaciones de caf\u00e9, nace un caf\u00e9 que captura el alma de <strong>Ruanda<\/strong>. Cultivado con esmero por peque\u00f1as familias cafetaleras y secado al sol en Muhororo, esta variedad de grano de Bourbon Rojo refleja la armon\u00eda entre tradici\u00f3n y naturaleza. Cada taza se deleita con una mezcla de sedosos aromas a <strong>chocolate<\/strong> y vibrantes aromas de <strong>maracuy\u00e1<\/strong>, un equilibrio perfecto entre dulzura y frescura tropical. Cada sorbo es un viaje a las tierras altas de Ruanda, donde la pasi\u00f3n y la comunidad se unen para dar vida a un caf\u00e9 verdaderamente memorable.<\/p>\n<p class=\"\" data-start=\"401\" data-end=\"485\"><strong><em>Notas de cata:<\/em> Chocolate y Maracuya<\/strong><\/p>\n<p><img decoding=\"async\" class=\" wp-image-3419\" src=\"https:\/\/nerjacoffeeroasters.com\/wp-content\/uploads\/2025\/10\/Rwandan-Roast-Profile-1-300x300.png\" alt=\"Image of animation of choclate and passion fruit\" width=\"200\" height=\"200\" srcset=\"https:\/\/nerjacoffeeroasters.com\/wp-content\/uploads\/2025\/10\/Rwandan-Roast-Profile-1-300x300.png 300w, https:\/\/nerjacoffeeroasters.com\/wp-content\/uploads\/2025\/10\/Rwandan-Roast-Profile-1-1024x1024.png 1024w, https:\/\/nerjacoffeeroasters.com\/wp-content\/uploads\/2025\/10\/Rwandan-Roast-Profile-1-150x150.png 150w, https:\/\/nerjacoffeeroasters.com\/wp-content\/uploads\/2025\/10\/Rwandan-Roast-Profile-1-768x768.png 768w, https:\/\/nerjacoffeeroasters.com\/wp-content\/uploads\/2025\/10\/Rwandan-Roast-Profile-1-12x12.png 12w, https:\/\/nerjacoffeeroasters.com\/wp-content\/uploads\/2025\/10\/Rwandan-Roast-Profile-1-600x600.png 600w, https:\/\/nerjacoffeeroasters.com\/wp-content\/uploads\/2025\/10\/Rwandan-Roast-Profile-1.png 1080w\" sizes=\"(max-width: 200px) 100vw, 200px\" \/><\/p>\n<p><strong><em>Perfil de tueste:<\/em> Omniroast\u2013Medio<\/strong><\/p>\n<p><strong><em>Perfil de sabor:<\/em> Ligero, afrutado<\/strong><\/p>\n<p><strong><em>Puntuaci\u00f3n SCA:<\/em> 85,6<\/strong><\/p>\n<\/div>\n<div class=\"_3cRjW\" data-hook=\"content-wrapper\">\n<p><img fetchpriority=\"high\" decoding=\"async\" class=\"alignnone  wp-image-3862\" src=\"https:\/\/nerjacoffeeroasters.com\/wp-content\/uploads\/2026\/02\/website-recommendations-graphic-300x300.png\" alt=\"Graphic describing the coffee to water ratio recommendations for different coffee preparations methods\" width=\"250\" height=\"250\" srcset=\"https:\/\/nerjacoffeeroasters.com\/wp-content\/uploads\/2026\/02\/website-recommendations-graphic-300x300.png 300w, https:\/\/nerjacoffeeroasters.com\/wp-content\/uploads\/2026\/02\/website-recommendations-graphic-150x150.png 150w, https:\/\/nerjacoffeeroasters.com\/wp-content\/uploads\/2026\/02\/website-recommendations-graphic-12x12.png 12w, https:\/\/nerjacoffeeroasters.com\/wp-content\/uploads\/2026\/02\/website-recommendations-graphic.png 500w\" sizes=\"(max-width: 250px) 100vw, 250px\" \/><\/p>\n<p><strong><em>Regi\u00f3n:<\/em> Nyamasheke, Provincia Occidental<\/strong><br data-start=\"510\" data-end=\"513\" \/><strong><em>Proceso:<\/em> Natural<\/strong><br data-start=\"533\" data-end=\"536\" \/><strong><em>Altitud:<\/em> 1650 m \u2013 2100 m<\/strong><br data-start=\"564\" data-end=\"567\" \/><strong><em>Variedades:<\/em> Bourbon Rojo<\/strong><\/p>\n<\/div>\n<p>&nbsp;<\/p>\n<div class=\"_3cRjW\" data-hook=\"content-wrapper\">\n<p data-start=\"612\" data-end=\"637\"><strong>Informaci\u00f3n adicional<\/strong><\/p>\n<p>En <strong>Muhororo<\/strong>, cada cereza se selecciona cuidadosamente y se seca lentamente al sol en terrazas africanas de caf\u00e9 a m\u00e1s de 1600 metros sobre el nivel del mar. Este proceso artesanal, guiado por manos expertas y una profunda conexi\u00f3n con la tierra, da vida a un caf\u00e9 que refleja la esencia de sus monta\u00f1as y su gente. Tras las heridas del pasado, Ruanda ha encontrado en el caf\u00e9 una forma de renacer. Hoy, miles de familias cafetaleras cultivan la esperanza en cada grano, uniendo comunidades anta\u00f1o divididas y transformando la adversidad en oportunidad. Este caf\u00e9 no solo representa calidad y dedicaci\u00f3n, sino tambi\u00e9n la historia viva de un pa\u00eds que ha hecho del trabajo, la reconciliaci\u00f3n y la pasi\u00f3n por el caf\u00e9 su s\u00edmbolo de orgullo y resiliencia.<\/p>\n<\/div>\n","protected":false},"excerpt":{"rendered":"<h5>Omniroast &#8211; Medio<\/h5>\n<h5>Perfil de Sabor: Ligero, afrutado<\/h5>\n<h5>Notas de cata: Chocolate, maracuya<br \/>\nPerfecto solo o suave con leche<\/h5>\n","protected":false},"featured_media":3724,"comment_status":"open","ping_status":"closed","template":"","meta":[],"product_brand":[],"product_cat":[16,74],"product_tag":[91,95,32],"class_list":{"0":"post-3403","1":"product","2":"type-product","3":"status-publish","4":"has-post-thumbnail","6":"product_cat-cafe","7":"product_cat-destacado","8":"product_tag-cafe-de-especialidad","9":"product_tag-granos-de-cafe-arabica","10":"product_tag-nerja-cafe","12":"first","13":"instock","14":"taxable","15":"shipping-taxable","16":"purchasable","17":"product-type-variable"},"_links":{"self":[{"href":"https:\/\/nerjacoffeeroasters.com\/es\/wp-json\/wp\/v2\/product\/3403","targetHints":{"allow":["GET"]}}],"collection":[{"href":"https:\/\/nerjacoffeeroasters.com\/es\/wp-json\/wp\/v2\/product"}],"about":[{"href":"https:\/\/nerjacoffeeroasters.com\/es\/wp-json\/wp\/v2\/types\/product"}],"replies":[{"embeddable":true,"href":"https:\/\/nerjacoffeeroasters.com\/es\/wp-json\/wp\/v2\/comments?post=3403"}],"wp:featuredmedia":[{"embeddable":true,"href":"https:\/\/nerjacoffeeroasters.com\/es\/wp-json\/wp\/v2\/media\/3724"}],"wp:attachment":[{"href":"https:\/\/nerjacoffeeroasters.com\/es\/wp-json\/wp\/v2\/media?parent=3403"}],"wp:term":[{"taxonomy":"product_brand","embeddable":true,"href":"https:\/\/nerjacoffeeroasters.com\/es\/wp-json\/wp\/v2\/product_brand?post=3403"},{"taxonomy":"product_cat","embeddable":true,"href":"https:\/\/nerjacoffeeroasters.com\/es\/wp-json\/wp\/v2\/product_cat?post=3403"},{"taxonomy":"product_tag","embeddable":true,"href":"https:\/\/nerjacoffeeroasters.com\/es\/wp-json\/wp\/v2\/product_tag?post=3403"}],"curies":[{"name":"wp","href":"https:\/\/api.w.org\/{rel}","templated":true}]}}