{"id":3408,"date":"2025-10-08T13:52:05","date_gmt":"2025-10-08T11:52:05","guid":{"rendered":"https:\/\/nerjacoffeeroasters.com\/?post_type=product&#038;p=3408"},"modified":"2026-02-20T12:36:14","modified_gmt":"2026-02-20T11:36:14","slug":"cafe-indonesia-sumatra-aceh","status":"publish","type":"product","link":"https:\/\/nerjacoffeeroasters.com\/es\/product\/cafe-indonesia-sumatra-aceh\/","title":{"rendered":"Caf\u00e9 Indonesia Sumatra Aceh"},"content":{"rendered":"<div class=\"_3cRjW\" data-hook=\"content-wrapper\">\n<p>Este caf\u00e9 Ar\u00e1bica indonesio, procedente de la reconocida regi\u00f3n de Gayo en Sumatra, ofrece un perfil de taza distintivo y refinado. Cultivado a una altitud de 1400 a 1600 metros sobre el nivel del mar en <strong>Atu Lintang, Aceh<\/strong>, y producido por 298 peque\u00f1os agricultores, este lote se procesa mediante el m\u00e9todo honey en el Molino Jagong. El resultado es un caf\u00e9 limpio y uniforme con notas de <strong>nuez moscada y fresa<\/strong>. Elaborado con la variedad Ateng, este caf\u00e9 de especialidad indonesio presume de un cuerpo rico, una acidez equilibrada y una profundidad excepcional, ideal para los amantes del caf\u00e9 que buscan el aut\u00e9ntico car\u00e1cter de Sumatra.<\/p>\n<p><strong><em>Notas de cata<\/em> &#8211; Nuez moscada y fresas.<\/strong><\/p>\n<div><img fetchpriority=\"high\" decoding=\"async\" class=\"alignnone wp-image-3566\" src=\"https:\/\/nerjacoffeeroasters.com\/wp-content\/uploads\/2025\/12\/Verano-Azul-Profile-5-300x300.png\" alt=\"\" width=\"250\" height=\"250\" srcset=\"https:\/\/nerjacoffeeroasters.com\/wp-content\/uploads\/2025\/12\/Verano-Azul-Profile-5-300x300.png 300w, https:\/\/nerjacoffeeroasters.com\/wp-content\/uploads\/2025\/12\/Verano-Azul-Profile-5-1024x1024.png 1024w, https:\/\/nerjacoffeeroasters.com\/wp-content\/uploads\/2025\/12\/Verano-Azul-Profile-5-150x150.png 150w, https:\/\/nerjacoffeeroasters.com\/wp-content\/uploads\/2025\/12\/Verano-Azul-Profile-5-768x768.png 768w, https:\/\/nerjacoffeeroasters.com\/wp-content\/uploads\/2025\/12\/Verano-Azul-Profile-5-12x12.png 12w, https:\/\/nerjacoffeeroasters.com\/wp-content\/uploads\/2025\/12\/Verano-Azul-Profile-5-600x600.png 600w, https:\/\/nerjacoffeeroasters.com\/wp-content\/uploads\/2025\/12\/Verano-Azul-Profile-5.png 1080w\" sizes=\"(max-width: 250px) 100vw, 250px\" \/><\/div>\n<\/div>\n<p><b><i>Perfil de tueste: Omniroast-Medio<\/i><\/b><\/p>\n<p><b><i>Perfil de sabor: Suave-Especiado<\/i><\/b><\/p>\n<p><b><i>Puntuaci\u00f3n SCA: 86,5<\/i><\/b><\/p>\n<p><img decoding=\"async\" class=\"alignnone  wp-image-3862\" src=\"https:\/\/nerjacoffeeroasters.com\/wp-content\/uploads\/2026\/02\/website-recommendations-graphic-300x300.png\" alt=\"Graphic describing the coffee to water ratio recommendations for different coffee preparations methods\" width=\"250\" height=\"250\" srcset=\"https:\/\/nerjacoffeeroasters.com\/wp-content\/uploads\/2026\/02\/website-recommendations-graphic-300x300.png 300w, https:\/\/nerjacoffeeroasters.com\/wp-content\/uploads\/2026\/02\/website-recommendations-graphic-150x150.png 150w, https:\/\/nerjacoffeeroasters.com\/wp-content\/uploads\/2026\/02\/website-recommendations-graphic-12x12.png 12w, https:\/\/nerjacoffeeroasters.com\/wp-content\/uploads\/2026\/02\/website-recommendations-graphic.png 500w\" sizes=\"(max-width: 250px) 100vw, 250px\" \/><\/p>\n<p>&nbsp;<\/p>\n<div class=\"_3cRjW\" data-hook=\"content-wrapper\">\n<p><strong><em>Regi\u00f3n: Gayo, Aceh, Sumatra.<\/em><\/strong><\/p>\n<p><strong><em>Proceso: Honey<\/em><\/strong><\/p>\n<p><strong><em>Altitud: 1400m &#8211; 1600m<\/em><\/strong><\/p>\n<p><strong><em>Variedades: Ateng<\/em><\/strong><\/p>\n<div><\/div>\n<p>Informaci\u00f3n adicional<\/p>\n<p>Este caf\u00e9 refleja el firme compromiso con la calidad y la sostenibilidad de la cooperativa PT. Ihitiyeri Keti Ara y la familia Junus, propietaria del Molino Jagong. Gracias al control total del proceso, desde la recolecci\u00f3n selectiva de las cerezas maduras hasta el secado, la clasificaci\u00f3n y la exportaci\u00f3n, se garantiza una consistencia poco com\u00fan en los caf\u00e9s de Sumatra.<\/p>\n<p>El entorno volc\u00e1nico de la meseta de Gayo, junto con el clima fresco y el proceso honey, aporta complejidad, profundidad y una textura distintiva, consolidando a este caf\u00e9 como una excelente opci\u00f3n.<\/p>\n<\/div>\n","protected":false},"excerpt":{"rendered":"<h5>Omniroast-Medio<\/h5>\n<h5>Perfil de sabor: Suave, Especiado<\/h5>\n<h5>Notas de cata &#8211; Nuez moscada y fresas.<br \/>\nPerfecto solo<\/h5>\n","protected":false},"featured_media":3722,"comment_status":"open","ping_status":"closed","template":"","meta":[],"product_brand":[],"product_cat":[16,74],"product_tag":[91,95,32],"class_list":{"0":"post-3408","1":"product","2":"type-product","3":"status-publish","4":"has-post-thumbnail","6":"product_cat-cafe","7":"product_cat-destacado","8":"product_tag-cafe-de-especialidad","9":"product_tag-granos-de-cafe-arabica","10":"product_tag-nerja-cafe","12":"first","13":"instock","14":"taxable","15":"shipping-taxable","16":"purchasable","17":"product-type-variable"},"_links":{"self":[{"href":"https:\/\/nerjacoffeeroasters.com\/es\/wp-json\/wp\/v2\/product\/3408","targetHints":{"allow":["GET"]}}],"collection":[{"href":"https:\/\/nerjacoffeeroasters.com\/es\/wp-json\/wp\/v2\/product"}],"about":[{"href":"https:\/\/nerjacoffeeroasters.com\/es\/wp-json\/wp\/v2\/types\/product"}],"replies":[{"embeddable":true,"href":"https:\/\/nerjacoffeeroasters.com\/es\/wp-json\/wp\/v2\/comments?post=3408"}],"wp:featuredmedia":[{"embeddable":true,"href":"https:\/\/nerjacoffeeroasters.com\/es\/wp-json\/wp\/v2\/media\/3722"}],"wp:attachment":[{"href":"https:\/\/nerjacoffeeroasters.com\/es\/wp-json\/wp\/v2\/media?parent=3408"}],"wp:term":[{"taxonomy":"product_brand","embeddable":true,"href":"https:\/\/nerjacoffeeroasters.com\/es\/wp-json\/wp\/v2\/product_brand?post=3408"},{"taxonomy":"product_cat","embeddable":true,"href":"https:\/\/nerjacoffeeroasters.com\/es\/wp-json\/wp\/v2\/product_cat?post=3408"},{"taxonomy":"product_tag","embeddable":true,"href":"https:\/\/nerjacoffeeroasters.com\/es\/wp-json\/wp\/v2\/product_tag?post=3408"}],"curies":[{"name":"wp","href":"https:\/\/api.w.org\/{rel}","templated":true}]}}