{"id":3447,"date":"2025-10-21T13:53:26","date_gmt":"2025-10-21T11:53:26","guid":{"rendered":"https:\/\/nerjacoffeeroasters.com\/?post_type=product&#038;p=3447"},"modified":"2026-02-20T12:33:08","modified_gmt":"2026-02-20T11:33:08","slug":"cafe-verano-azul-blend","status":"publish","type":"product","link":"https:\/\/nerjacoffeeroasters.com\/es\/product\/cafe-verano-azul-blend\/","title":{"rendered":"Verano Azul Blend"},"content":{"rendered":"<div class=\"_3cRjW\" data-hook=\"content-wrapper\">\n<p class=\"\" data-start=\"42\" data-end=\"399\">Verano Azul es un blend vibrante que combina granos org\u00e1nicos de caf\u00e9 de <strong>Guji, Etiop\u00eda, y Huehuetenango, Guatemala.<\/strong> Los granos et\u00edopes aportan notas c\u00edtricas de pomelo, cultivados con m\u00e9todos tradicionales en la regi\u00f3n de Orom\u00eda. Se equilibran con los matices de avellana del caf\u00e9 org\u00e1nico guatemalteco, ofreciendo una taza suave y soleada. Elaborado con esmero por productores expertos, Verano Azul celebra el legado y el terroir de dos regiones cafetaleras ic\u00f3nicas. Ideal para amantes del caf\u00e9 de especialidad que buscan un perfil refrescante y complejo. <strong>Descubre Verano Azul:<\/strong> donde el c\u00edtrico se encuentra con la calidez en cada taza inolvidable.<\/p>\n<p class=\"\" data-start=\"401\" data-end=\"485\"><strong><em>Notas de cata:<\/em> Avellana y pomelo<\/strong><\/p>\n<p><img fetchpriority=\"high\" decoding=\"async\" class=\"alignnone wp-image-3459\" src=\"https:\/\/nerjacoffeeroasters.com\/wp-content\/uploads\/2025\/10\/Verano-Azul-Profile-1-300x300.png\" alt=\"\" width=\"250\" height=\"250\" srcset=\"https:\/\/nerjacoffeeroasters.com\/wp-content\/uploads\/2025\/10\/Verano-Azul-Profile-1-300x300.png 300w, https:\/\/nerjacoffeeroasters.com\/wp-content\/uploads\/2025\/10\/Verano-Azul-Profile-1-1024x1024.png 1024w, https:\/\/nerjacoffeeroasters.com\/wp-content\/uploads\/2025\/10\/Verano-Azul-Profile-1-150x150.png 150w, https:\/\/nerjacoffeeroasters.com\/wp-content\/uploads\/2025\/10\/Verano-Azul-Profile-1-768x768.png 768w, https:\/\/nerjacoffeeroasters.com\/wp-content\/uploads\/2025\/10\/Verano-Azul-Profile-1-12x12.png 12w, https:\/\/nerjacoffeeroasters.com\/wp-content\/uploads\/2025\/10\/Verano-Azul-Profile-1-600x600.png 600w, https:\/\/nerjacoffeeroasters.com\/wp-content\/uploads\/2025\/10\/Verano-Azul-Profile-1.png 1080w\" sizes=\"(max-width: 250px) 100vw, 250px\" \/><\/p>\n<p><b><i>Perfil de tueste: Omniroast-Medio<\/i><\/b><\/p>\n<p><b><i>Perfil de sabor: Intenso, brillante<\/i><\/b><\/p>\n<p><b><i>Puntuaci\u00f3n SCA: 87,25<\/i><\/b><\/p>\n<p><img decoding=\"async\" class=\"alignnone wp-image-3862\" src=\"https:\/\/nerjacoffeeroasters.com\/wp-content\/uploads\/2026\/02\/website-recommendations-graphic-300x300.png\" alt=\"Graphic describing the coffee to water ratio recommendations for different coffee preparations methods\" width=\"250\" height=\"250\" srcset=\"https:\/\/nerjacoffeeroasters.com\/wp-content\/uploads\/2026\/02\/website-recommendations-graphic-300x300.png 300w, https:\/\/nerjacoffeeroasters.com\/wp-content\/uploads\/2026\/02\/website-recommendations-graphic-150x150.png 150w, https:\/\/nerjacoffeeroasters.com\/wp-content\/uploads\/2026\/02\/website-recommendations-graphic-12x12.png 12w, https:\/\/nerjacoffeeroasters.com\/wp-content\/uploads\/2026\/02\/website-recommendations-graphic.png 500w\" sizes=\"(max-width: 250px) 100vw, 250px\" \/><\/p>\n<p><strong><em>Regi\u00f3n:<\/em> Guji, Etiop\u00eda; Huehuetenango, Guatemala<\/strong><br data-start=\"510\" data-end=\"513\" \/><strong><em>Proceso:<\/em> Lavado<\/strong><br data-start=\"533\" data-end=\"536\" \/><strong><em>Altitud:<\/em> 1200 m \u2013 2030 m<\/strong><br data-start=\"564\" data-end=\"567\" \/><strong><em>Variedades:<\/em> Hierloom, Bourbon, Caturra y Catua\u00ed<\/strong><\/p>\n<\/div>\n","protected":false},"excerpt":{"rendered":"<h5>Un blend org\u00e1nico<br \/>\nOmniroast-Medio\/Oscuro<br \/>\nNotas de cata: Avellana, pomelo<br \/>\nPerfecto solo<\/h5>\n","protected":false},"featured_media":3727,"comment_status":"open","ping_status":"closed","template":"","meta":[],"product_brand":[],"product_cat":[16,74],"product_tag":[91,93,95,32],"class_list":{"0":"post-3447","1":"product","2":"type-product","3":"status-publish","4":"has-post-thumbnail","6":"product_cat-cafe","7":"product_cat-destacado","8":"product_tag-cafe-de-especialidad","9":"product_tag-cafe-organico","10":"product_tag-granos-de-cafe-arabica","11":"product_tag-nerja-cafe","13":"first","14":"instock","15":"taxable","16":"shipping-taxable","17":"purchasable","18":"product-type-variable"},"_links":{"self":[{"href":"https:\/\/nerjacoffeeroasters.com\/es\/wp-json\/wp\/v2\/product\/3447","targetHints":{"allow":["GET"]}}],"collection":[{"href":"https:\/\/nerjacoffeeroasters.com\/es\/wp-json\/wp\/v2\/product"}],"about":[{"href":"https:\/\/nerjacoffeeroasters.com\/es\/wp-json\/wp\/v2\/types\/product"}],"replies":[{"embeddable":true,"href":"https:\/\/nerjacoffeeroasters.com\/es\/wp-json\/wp\/v2\/comments?post=3447"}],"wp:featuredmedia":[{"embeddable":true,"href":"https:\/\/nerjacoffeeroasters.com\/es\/wp-json\/wp\/v2\/media\/3727"}],"wp:attachment":[{"href":"https:\/\/nerjacoffeeroasters.com\/es\/wp-json\/wp\/v2\/media?parent=3447"}],"wp:term":[{"taxonomy":"product_brand","embeddable":true,"href":"https:\/\/nerjacoffeeroasters.com\/es\/wp-json\/wp\/v2\/product_brand?post=3447"},{"taxonomy":"product_cat","embeddable":true,"href":"https:\/\/nerjacoffeeroasters.com\/es\/wp-json\/wp\/v2\/product_cat?post=3447"},{"taxonomy":"product_tag","embeddable":true,"href":"https:\/\/nerjacoffeeroasters.com\/es\/wp-json\/wp\/v2\/product_tag?post=3447"}],"curies":[{"name":"wp","href":"https:\/\/api.w.org\/{rel}","templated":true}]}}