{"id":3945,"date":"2026-03-17T15:39:53","date_gmt":"2026-03-17T14:39:53","guid":{"rendered":"https:\/\/nerjacoffeeroasters.com\/?post_type=product&#038;p=3945"},"modified":"2026-03-18T09:08:44","modified_gmt":"2026-03-18T08:08:44","slug":"cafe-kenia-getuya","status":"publish","type":"product","link":"https:\/\/nerjacoffeeroasters.com\/es\/product\/cafe-kenia-getuya\/","title":{"rendered":"Caf\u00e9 Ken\u00eda Getuya"},"content":{"rendered":"<div class=\"_3cRjW\" data-hook=\"content-wrapper\">\n<p class=\"\" data-start=\"42\" data-end=\"399\">Este microlote de la F\u00e1brica Getuya, fundada en 1964 y gestionada por la cooperativa Mwirua, proviene de <strong>Kirinyaga, en el centro de Kenia<\/strong>, a los pies del Monte Kenia. Cultivado por 900 peque\u00f1os productores sobre suelos volc\u00e1nicos ricos en nutrientes, el caf\u00e9 se despulpa inmediatamente, fermenta en seco entre 15 y 24 horas y se seca en camas africanas durante 6 a 7 d\u00edas. En taza ofrece una dulzura profunda con <strong>notas definidas de uvas pasas y albaricoque maduro<\/strong>. Un perfil complejo, cuidadosamente seleccionado mediante m\u00faltiples controles de calidad para garantizar pureza y consistencia.<\/p>\n<p class=\"\" data-start=\"401\" data-end=\"485\"><strong><em>Notas de cata:<\/em> <em>Pasas y albaricoque<\/em><\/strong><\/p>\n<p><img fetchpriority=\"high\" decoding=\"async\" class=\"alignnone wp-image-3950\" src=\"https:\/\/nerjacoffeeroasters.com\/wp-content\/uploads\/2026\/03\/Kenya-tasting-notes-300x300.png\" alt=\"Animation of raisins and apricot.\" width=\"250\" height=\"250\" srcset=\"https:\/\/nerjacoffeeroasters.com\/wp-content\/uploads\/2026\/03\/Kenya-tasting-notes-300x300.png 300w, https:\/\/nerjacoffeeroasters.com\/wp-content\/uploads\/2026\/03\/Kenya-tasting-notes-1024x1024.png 1024w, https:\/\/nerjacoffeeroasters.com\/wp-content\/uploads\/2026\/03\/Kenya-tasting-notes-150x150.png 150w, https:\/\/nerjacoffeeroasters.com\/wp-content\/uploads\/2026\/03\/Kenya-tasting-notes-768x768.png 768w, https:\/\/nerjacoffeeroasters.com\/wp-content\/uploads\/2026\/03\/Kenya-tasting-notes-12x12.png 12w, https:\/\/nerjacoffeeroasters.com\/wp-content\/uploads\/2026\/03\/Kenya-tasting-notes-600x600.png 600w, https:\/\/nerjacoffeeroasters.com\/wp-content\/uploads\/2026\/03\/Kenya-tasting-notes.png 1080w\" sizes=\"(max-width: 250px) 100vw, 250px\" \/><\/p>\n<p><em><strong>Perfil de tueste: Omniroast \u2013 Medio<\/strong><\/em><\/p>\n<p><img decoding=\"async\" class=\"alignnone wp-image-1692\" src=\"https:\/\/nerjacoffeeroasters.com\/wp-content\/uploads\/2024\/11\/Recommendations-300x213.png\" alt=\"\" width=\"300\" height=\"213\" srcset=\"https:\/\/nerjacoffeeroasters.com\/wp-content\/uploads\/2024\/11\/Recommendations-300x213.png 300w, https:\/\/nerjacoffeeroasters.com\/wp-content\/uploads\/2024\/11\/Recommendations-1024x726.png 1024w, https:\/\/nerjacoffeeroasters.com\/wp-content\/uploads\/2024\/11\/Recommendations-768x545.png 768w, https:\/\/nerjacoffeeroasters.com\/wp-content\/uploads\/2024\/11\/Recommendations-1536x1090.png 1536w, https:\/\/nerjacoffeeroasters.com\/wp-content\/uploads\/2024\/11\/Recommendations-18x12.png 18w, https:\/\/nerjacoffeeroasters.com\/wp-content\/uploads\/2024\/11\/Recommendations.png 1748w\" sizes=\"(max-width: 300px) 100vw, 300px\" \/><\/p>\n<p><strong><em>Regi\u00f3n:<\/em> Kirinyaga<\/strong><br data-start=\"510\" data-end=\"513\" \/><strong><em>Proceso:<\/em> Lavado con doble fermentaci\u00f3n<\/strong><br data-start=\"533\" data-end=\"536\" \/><strong><em>Altitud:<\/em> 1540m<\/strong><br data-start=\"564\" data-end=\"567\" \/><strong><em>Variedades:<\/em> SL28, SL34, Batian, Ruiru 11<\/strong><\/p>\n<\/div>\n","protected":false},"excerpt":{"rendered":"<h5>Omniroast &#8211; Medio<br \/>\nNotas de cata: Pasas, albaricoque<br \/>\nPerfecto solo o con leche<\/h5>\n","protected":false},"featured_media":3944,"comment_status":"open","ping_status":"closed","template":"","meta":[],"product_brand":[],"product_cat":[16,74],"product_tag":[91,95,32],"class_list":{"0":"post-3945","1":"product","2":"type-product","3":"status-publish","4":"has-post-thumbnail","6":"product_cat-cafe","7":"product_cat-destacado","8":"product_tag-cafe-de-especialidad","9":"product_tag-granos-de-cafe-arabica","10":"product_tag-nerja-cafe","12":"first","13":"instock","14":"taxable","15":"shipping-taxable","16":"purchasable","17":"product-type-variable"},"_links":{"self":[{"href":"https:\/\/nerjacoffeeroasters.com\/es\/wp-json\/wp\/v2\/product\/3945","targetHints":{"allow":["GET"]}}],"collection":[{"href":"https:\/\/nerjacoffeeroasters.com\/es\/wp-json\/wp\/v2\/product"}],"about":[{"href":"https:\/\/nerjacoffeeroasters.com\/es\/wp-json\/wp\/v2\/types\/product"}],"replies":[{"embeddable":true,"href":"https:\/\/nerjacoffeeroasters.com\/es\/wp-json\/wp\/v2\/comments?post=3945"}],"wp:featuredmedia":[{"embeddable":true,"href":"https:\/\/nerjacoffeeroasters.com\/es\/wp-json\/wp\/v2\/media\/3944"}],"wp:attachment":[{"href":"https:\/\/nerjacoffeeroasters.com\/es\/wp-json\/wp\/v2\/media?parent=3945"}],"wp:term":[{"taxonomy":"product_brand","embeddable":true,"href":"https:\/\/nerjacoffeeroasters.com\/es\/wp-json\/wp\/v2\/product_brand?post=3945"},{"taxonomy":"product_cat","embeddable":true,"href":"https:\/\/nerjacoffeeroasters.com\/es\/wp-json\/wp\/v2\/product_cat?post=3945"},{"taxonomy":"product_tag","embeddable":true,"href":"https:\/\/nerjacoffeeroasters.com\/es\/wp-json\/wp\/v2\/product_tag?post=3945"}],"curies":[{"name":"wp","href":"https:\/\/api.w.org\/{rel}","templated":true}]}}