{"id":821,"date":"2023-11-28T20:19:47","date_gmt":"2023-11-28T20:19:47","guid":{"rendered":"https:\/\/dev2.yinyangstudios.opalstacked.com\/?post_type=product&#038;p=821"},"modified":"2026-01-28T08:50:38","modified_gmt":"2026-01-28T07:50:38","slug":"paquete-de-regalo-2-aeropress","status":"publish","type":"product","link":"https:\/\/nerjacoffeeroasters.com\/es\/product\/paquete-de-regalo-2-aeropress\/","title":{"rendered":"Paquete de regalo 2 Aeropress"},"content":{"rendered":"<p class=\"\" data-start=\"0\" data-end=\"258\">En <strong data-start=\"3\" data-end=\"28\">Nerja Coffee Roasters<\/strong> estamos un poco obsesionados con la <strong data-start=\"65\" data-end=\"78\">AeroPress<\/strong>. Nos parece un complemento excepcional para nuestro caf\u00e9, ya que resalta las notas de sabor m\u00e1s sutiles sin dejar ning\u00fan tipo de sedimento. Adem\u00e1s, es muy f\u00e1cil de usar y limpiar.<\/p>\n<p class=\"\" data-start=\"260\" data-end=\"631\">La <strong data-start=\"263\" data-end=\"285\">cafetera AeroPress<\/strong> ofrece a los amantes del caf\u00e9 todo lo necesario para preparar c\u00f3modamente un caf\u00e9 excelente para entre 1 y 4 personas. La versi\u00f3n <strong data-start=\"416\" data-end=\"428\">Original<\/strong> mantiene el mismo sabor inconfundible y permite preparar caf\u00e9 estilo americano, espresso y cold brew, ideal para disfrutar solo o como base para una gran variedad de bebidas energizantes y refrescantes.<\/p>\n<p class=\"\" data-start=\"633\" data-end=\"831\"><strong data-start=\"633\" data-end=\"671\">Caf\u00e9 delicioso en cualquier lugar:<\/strong> Prepara r\u00e1pidamente un caf\u00e9 suave y de sabor puro, sin acidez ni residuos. Est\u00e1 optimizada para viajar, acampar o salir en barco. \u00a1Desp\u00eddete del caf\u00e9 de hotel!<\/p>\n<p class=\"\" data-start=\"833\" data-end=\"916\"><strong data-start=\"833\" data-end=\"881\">Dise\u00f1o compacto, f\u00e1cil de usar y de limpiar.<\/strong> Incluye 100 filtros reutilizables.<\/p>\n<p class=\"\" data-start=\"918\" data-end=\"1152\"><strong data-start=\"918\" data-end=\"963\">Prepara caf\u00e9 estilo americano o espresso:<\/strong> Con una sola presi\u00f3n, puedes obtener entre una y cuatro tazas llenas de sabor. La AeroPress tambi\u00e9n permite preparar cold brew, as\u00ed como caf\u00e9 estilo espresso para lattes, capuchinos y m\u00e1s.<\/p>\n<p class=\"\" data-start=\"1154\" data-end=\"1524\">Para <strong data-start=\"1159\" data-end=\"1195\">prolongar la vida \u00fatil del sello<\/strong>, expulsa siempre el caf\u00e9 usado justo despu\u00e9s de cada preparaci\u00f3n y guarda la AeroPress con el sello empujado por completo a trav\u00e9s de la c\u00e1mara. De este modo, se evita la compresi\u00f3n del sello y se mantiene en mejor estado. El sello no lleva adhesivo, por lo que puede retirarse y colocarse nuevamente con facilidad en el \u00e9mbolo.<\/p>\n<p class=\"\" data-start=\"1526\" data-end=\"1921\">Para el uso diario, basta con un enjuague sencillo, ya que el \u00e9mbolo limpia la c\u00e1mara a medida que se prepara el caf\u00e9. No obstante, puedes lavar la AeroPress en el lavavajillas (solo en la bandeja superior). Recomendamos retirar el sello de vez en cuando para lavarlo a fondo con agua tibia y jab\u00f3n. Si la c\u00e1mara se vuelve pegajosa, puede limpiarse con vinagre. <strong data-start=\"1888\" data-end=\"1920\">La AeroPress no contiene BPA<\/strong>.<\/p>\n<hr class=\"\" data-start=\"1923\" data-end=\"1926\" \/>\n<p class=\"\" data-start=\"1928\" data-end=\"1954\"><strong data-start=\"1928\" data-end=\"1954\">Este producto incluye:<\/strong><\/p>\n<ul data-start=\"1956\" data-end=\"2093\">\n<li class=\"\" data-start=\"1956\" data-end=\"1985\">\n<p class=\"\" data-start=\"1958\" data-end=\"1985\">C\u00e1mara y \u00e9mbolo AeroPress<\/p>\n<\/li>\n<li class=\"\" data-start=\"1986\" data-end=\"2009\">\n<p class=\"\" data-start=\"1988\" data-end=\"2009\">Removedor\/agitaci\u00f3n<\/p>\n<\/li>\n<li class=\"\" data-start=\"2010\" data-end=\"2045\">\n<p class=\"\" data-start=\"2012\" data-end=\"2045\">Filtros de papel (100 unidades)<\/p>\n<\/li>\n<li class=\"\" data-start=\"2046\" data-end=\"2070\">\n<p class=\"\" data-start=\"2048\" data-end=\"2070\">Soporte para filtros<\/p>\n<\/li>\n<li class=\"\" data-start=\"2071\" data-end=\"2093\">\n<p class=\"\" data-start=\"2073\" data-end=\"2093\">Cuchara dosificadora<\/p>\n<\/li>\n<\/ul>\n<p class=\"\" data-start=\"2095\" data-end=\"2200\"><strong data-start=\"2095\" data-end=\"2159\">Este pack incluye adem\u00e1s cuatro bolsas de caf\u00e9 de 250 gramos<\/strong>, para completar la experiencia perfecta.<\/p>\n","protected":false},"excerpt":{"rendered":"<h5>Este paquete incluye:<br \/>\nAeropress<br \/>\n4 x 250g bolsas de caf\u00e9<\/h5>\n","protected":false},"featured_media":857,"comment_status":"open","ping_status":"closed","template":"","meta":[],"product_brand":[],"product_cat":[56],"product_tag":[153,91,156],"class_list":{"0":"post-821","1":"product","2":"type-product","3":"status-publish","4":"has-post-thumbnail","6":"product_cat-pack-regalos","7":"product_tag-accesorios-de-cafe","8":"product_tag-cafe-de-especialidad","9":"product_tag-regalos-de-cafe","11":"first","12":"instock","13":"taxable","14":"shipping-taxable","15":"purchasable","16":"product-type-variable"},"_links":{"self":[{"href":"https:\/\/nerjacoffeeroasters.com\/es\/wp-json\/wp\/v2\/product\/821","targetHints":{"allow":["GET"]}}],"collection":[{"href":"https:\/\/nerjacoffeeroasters.com\/es\/wp-json\/wp\/v2\/product"}],"about":[{"href":"https:\/\/nerjacoffeeroasters.com\/es\/wp-json\/wp\/v2\/types\/product"}],"replies":[{"embeddable":true,"href":"https:\/\/nerjacoffeeroasters.com\/es\/wp-json\/wp\/v2\/comments?post=821"}],"wp:featuredmedia":[{"embeddable":true,"href":"https:\/\/nerjacoffeeroasters.com\/es\/wp-json\/wp\/v2\/media\/857"}],"wp:attachment":[{"href":"https:\/\/nerjacoffeeroasters.com\/es\/wp-json\/wp\/v2\/media?parent=821"}],"wp:term":[{"taxonomy":"product_brand","embeddable":true,"href":"https:\/\/nerjacoffeeroasters.com\/es\/wp-json\/wp\/v2\/product_brand?post=821"},{"taxonomy":"product_cat","embeddable":true,"href":"https:\/\/nerjacoffeeroasters.com\/es\/wp-json\/wp\/v2\/product_cat?post=821"},{"taxonomy":"product_tag","embeddable":true,"href":"https:\/\/nerjacoffeeroasters.com\/es\/wp-json\/wp\/v2\/product_tag?post=821"}],"curies":[{"name":"wp","href":"https:\/\/api.w.org\/{rel}","templated":true}]}}